{"id":20635,"date":"2025-12-25T11:54:01","date_gmt":"2025-12-25T16:54:01","guid":{"rendered":"https:\/\/roxborohomes.ca\/politique-relative-aux-cookies\/"},"modified":"2025-12-25T12:38:53","modified_gmt":"2025-12-25T17:38:53","slug":"politique-relative-aux-cookies","status":"publish","type":"page","link":"https:\/\/roxborohomes.ca\/fr\/politique-relative-aux-cookies\/","title":{"rendered":"Politique relative aux cookies"},"content":{"rendered":"\t\t<div data-elementor-type=\"wp-page\" data-elementor-id=\"20635\" class=\"elementor elementor-20635 elementor-20615\">\n\t\t\t\t\t\t<section class=\"elementor-section elementor-top-section elementor-element elementor-element-80e0fd6 elementor-section-boxed elementor-section-height-default elementor-section-height-default\" data-id=\"80e0fd6\" data-element_type=\"section\" data-e-type=\"section\">\n\t\t\t\t\t\t<div class=\"elementor-container elementor-column-gap-default\">\n\t\t\t\t\t<div class=\"elementor-column elementor-col-100 elementor-top-column elementor-element elementor-element-8add300\" data-id=\"8add300\" data-element_type=\"column\" data-e-type=\"column\">\n\t\t\t<div class=\"elementor-widget-wrap elementor-element-populated\">\n\t\t\t\t\t\t<div class=\"elementor-element elementor-element-f6956e8 elementor-widget elementor-widget-html\" data-id=\"f6956e8\" data-element_type=\"widget\" data-e-type=\"widget\" data-widget_type=\"html.default\">\n\t\t\t\t<div class=\"elementor-widget-container\">\n\t\t\t\t\t<h1>Politique relative aux cookies<\/h1>\r\n<p>Cette politique relative aux cookies (\u00ab\u00a0Politique\u00a0\u00bb) d\u00e9crit ce que sont les cookies et comment ils sont utilis\u00e9s par le site web <a href=\"https:\/\/roxborohomes.ca\">roxborohomes.ca<\/a> (\u00ab\u00a0Site web\u00a0\u00bb ou \u00ab\u00a0Service\u00a0\u00bb) et tous ses produits et services connexes (collectivement, les \u00ab\u00a0Services\u00a0\u00bb). Cette Politique constitue un accord juridiquement contraignant entre vous (\u00ab\u00a0Utilisateur\u00a0\u00bb, \u00ab\u00a0vous\u00a0\u00bb ou \u00ab\u00a0votre\u00a0\u00bb) et l\u2019exploitant de ce Site web (\u00ab\u00a0Exploitant\u00a0\u00bb, \u00ab\u00a0nous\u00a0\u00bb, \u00ab\u00a0notre\u00a0\u00bb ou \u00ab\u00a0nos\u00a0\u00bb). Si vous acceptez cette Politique au nom d\u2019une entreprise ou d\u2019une autre entit\u00e9 juridique, vous d\u00e9clarez avoir le pouvoir d\u2019engager cette entit\u00e9 \u00e0 cette Politique, auquel cas les termes \u00ab\u00a0Utilisateur\u00a0\u00bb, \u00ab\u00a0vous\u00a0\u00bb ou \u00ab\u00a0votre\u00a0\u00bb d\u00e9signeront cette entit\u00e9. Si vous ne disposez pas de ce pouvoir ou si vous n\u2019acceptez pas les conditions de cette Politique, vous ne devez pas l\u2019accepter et vous ne pouvez pas acc\u00e9der au Site web ni utiliser les Services. Nous vous invitons \u00e0 lire cette politique afin de comprendre les types de cookies que nous utilisons, les informations que nous recueillons gr\u00e2ce \u00e0 eux et la mani\u00e8re dont ces informations sont utilis\u00e9es. Elle d\u00e9crit \u00e9galement les options dont vous disposez pour accepter ou refuser l'utilisation des cookies. Pour plus d'informations sur la fa\u00e7on dont nous utilisons, stockons et prot\u00e9geons vos donn\u00e9es personnelles, veuillez consulter notre <a href=\"https:\/\/roxborohomes.ca\/fr\/politique-de-confidentialite\/\">politique de confidentialit\u00e9<\/a>.<\/p>\r\n<div class=\"index\"><h3>Table des mati\u00e8res<\/h3><ol class=\"index\"><li><a href=\"#what-are-cookies\">Que sont les cookies\u00a0?<\/a><\/li><li><a href=\"#what-type-of-cookies-do-we-use\">Quel type de cookies utilisons-nous\u00a0?<\/a><\/li><li><a href=\"#what-are-your-cookie-options\">Quelles sont vos options concernant les cookies\u00a0?<\/a><\/li><li><a href=\"#changes-and-amendments\">Modifications et amendements<\/a><\/li><li><a href=\"#acceptance-of-this-policy\">Acceptation de cette politique<\/a><\/li><li><a href=\"#contacting-us\">Nous contacter<\/a><\/li><\/ol><\/div>\r\n<h2 id=\"what-are-cookies\">Que sont les cookies\u00a0?<\/h2>\r\n<p>Les cookies sont de petits fichiers de donn\u00e9es stock\u00e9s sur votre ordinateur ou autre appareil lorsque vous consultez des sites web. Ils servent \u00e0 m\u00e9moriser vos pr\u00e9f\u00e9rences, que ce soit pour une seule visite (cookie de session) ou pour plusieurs visites (cookie persistant).<\/p>\r\n<p>Les cookies de session sont des cookies temporaires utilis\u00e9s pendant votre visite sur le site web et expirent lorsque vous fermez votre navigateur.<\/p>\r\n<p>Les cookies persistants servent \u00e0 m\u00e9moriser vos pr\u00e9f\u00e9rences sur notre site web et restent enregistr\u00e9s sur votre ordinateur ou appareil mobile m\u00eame apr\u00e8s la fermeture de votre navigateur ou le red\u00e9marrage de votre ordinateur. Ils vous garantissent une exp\u00e9rience optimale lors de votre navigation sur le site et l\u2019utilisation des services.<\/p>\r\n<p>Les cookies peuvent \u00eatre d\u00e9pos\u00e9s par le site web (\u00ab\u00a0cookies internes\u00a0\u00bb) ou par des tiers, tels que ceux qui diffusent du contenu, de la publicit\u00e9 ou des services d\u2019analyse sur le site web (\u00ab\u00a0cookies tiers\u00a0\u00bb). Ces tiers peuvent vous reconna\u00eetre lorsque vous visitez notre site web et \u00e9galement lorsque vous visitez certains autres sites web.<\/p>\r\n<h2 id=\"what-type-of-cookies-do-we-use\">Quels types de cookies utilisons-nous\u00a0?<\/h2>\r\n<h3>Cookies n\u00e9cessaires<\/h3>\r\n<p>Les cookies n\u00e9cessaires nous permettent de vous offrir la meilleure exp\u00e9rience possible lorsque vous acc\u00e9dez \u00e0 notre site web, y naviguez et utilisez ses fonctionnalit\u00e9s. Par exemple, ces cookies nous permettent de reconna\u00eetre que vous avez cr\u00e9\u00e9 un compte et que vous vous y \u00eates connect\u00e9 pour acc\u00e9der au contenu.<\/p>\r\n<h3>Cookies de fonctionnalit\u00e9<\/h3>\r\n<p>Les cookies de fonctionnalit\u00e9 nous permettent d'exploiter le site web et les services conform\u00e9ment \u00e0 vos choix. Par exemple, nous reconna\u00eetrons votre nom d'utilisateur et nous nous souviendrons de la fa\u00e7on dont vous avez personnalis\u00e9 le site web et les services lors de vos prochaines visites.<\/p>\r\n<h3>Cookies analytiques<\/h3>\r\n<p>Ces cookies nous permettent, ainsi qu'\u00e0 des services tiers, de collecter des donn\u00e9es agr\u00e9g\u00e9es \u00e0 des fins statistiques sur la fa\u00e7on dont nos visiteurs utilisent le site web.<\/p> Ces cookies ne contiennent aucune information personnelle telle que votre nom ou adresse e-mail et nous permettent d'am\u00e9liorer votre exp\u00e9rience utilisateur sur le site web.<\/p>\r\n<h2 id=\"what-are-your-cookie-options\">Quelles sont vos options concernant les cookies\u00a0?<\/h2>\r\n<p>Si vous n'appr\u00e9ciez pas l'utilisation des cookies ou de certains types de cookies, vous pouvez modifier les param\u00e8tres de votre navigateur pour supprimer les cookies d\u00e9j\u00e0 install\u00e9s et refuser les nouveaux. Consultez <a href=\"https:\/\/www.internetcookies.com\">internetcookies.com<\/a> pour en savoir plus.<\/p>\r\n<h2 id=\"changes-and-amendments\">Modifications et amendements<\/h2>\r\n<p>Nous nous r\u00e9servons le droit de modifier la pr\u00e9sente Politique ou ses conditions relatives au site web et aux services \u00e0 tout moment et \u00e0 notre enti\u00e8re discr\u00e9tion. Le cas \u00e9ch\u00e9ant, nous mettrons \u00e0 jour la date de derni\u00e8re modification figurant au bas de cette page.<\/p> Nous pouvons \u00e9galement vous adresser des notifications par d'autres moyens, \u00e0 notre discr\u00e9tion, notamment via les coordonn\u00e9es que vous nous avez fournies.<\/p>\r\n<p>Sauf indication contraire, une version mise \u00e0 jour de la pr\u00e9sente Politique entrera en vigueur imm\u00e9diatement apr\u00e8s sa publication. En continuant d'utiliser le Site Web et les Services apr\u00e8s la date d'entr\u00e9e en vigueur de la Politique r\u00e9vis\u00e9e (ou tout autre acte sp\u00e9cifi\u00e9 \u00e0 ce moment-l\u00e0), vous acceptez ces modifications.<\/p>\r\n<h2 id=\"acceptance-of-this-policy\">Acceptation de la pr\u00e9sente politique<\/h2>\r\n<p\t\t\t\t<\/div>\n\t\t\t\t<\/div>\n\t\t\t\t\t<\/div>\n\t\t<\/div>\n\t\t\t\t\t<\/div>\n\t\t<\/section>\n\t\t\t\t<\/div>\n\t\t","protected":false},"excerpt":{"rendered":"<p>Politique relative aux cookies Cette politique relative aux cookies (\u00ab\u00a0Politique\u00a0\u00bb) d\u00e9crit ce que sont les cookies et comment ils sont utilis\u00e9s par le site web roxborohomes.ca (\u00ab\u00a0Site web\u00a0\u00bb ou \u00ab\u00a0Service\u00a0\u00bb) et tous ses produits et services connexes (collectivement, les \u00ab\u00a0Services\u00a0\u00bb). Cette Politique constitue un accord juridiquement contraignant entre vous (\u00ab\u00a0Utilisateur\u00a0\u00bb, \u00ab\u00a0vous\u00a0\u00bb ou \u00ab\u00a0votre\u00a0\u00bb) et l\u2019exploitant [&hellip;]<\/p>\n","protected":false},"author":1,"featured_media":0,"parent":0,"menu_order":0,"comment_status":"closed","ping_status":"closed","template":"elementor_header_footer","meta":{"footnotes":""},"class_list":["post-20635","page","type-page","status-publish","hentry"],"_links":{"self":[{"href":"https:\/\/roxborohomes.ca\/fr\/wp-json\/wp\/v2\/pages\/20635","targetHints":{"allow":["GET"]}}],"collection":[{"href":"https:\/\/roxborohomes.ca\/fr\/wp-json\/wp\/v2\/pages"}],"about":[{"href":"https:\/\/roxborohomes.ca\/fr\/wp-json\/wp\/v2\/types\/page"}],"author":[{"embeddable":true,"href":"https:\/\/roxborohomes.ca\/fr\/wp-json\/wp\/v2\/users\/1"}],"replies":[{"embeddable":true,"href":"https:\/\/roxborohomes.ca\/fr\/wp-json\/wp\/v2\/comments?post=20635"}],"version-history":[{"count":1,"href":"https:\/\/roxborohomes.ca\/fr\/wp-json\/wp\/v2\/pages\/20635\/revisions"}],"predecessor-version":[{"id":20636,"href":"https:\/\/roxborohomes.ca\/fr\/wp-json\/wp\/v2\/pages\/20635\/revisions\/20636"}],"wp:attachment":[{"href":"https:\/\/roxborohomes.ca\/fr\/wp-json\/wp\/v2\/media?parent=20635"}],"curies":[{"name":"wp","href":"https:\/\/api.w.org\/{rel}","templated":true}]}}