{"id":19990,"date":"2023-09-22T18:12:31","date_gmt":"2023-09-22T22:12:31","guid":{"rendered":"https:\/\/roxborohomes.ca\/politique-de-confidentialite\/"},"modified":"2024-08-15T16:57:27","modified_gmt":"2024-08-15T20:57:27","slug":"politique-de-confidentialite","status":"publish","type":"page","link":"https:\/\/roxborohomes.ca\/fr\/politique-de-confidentialite\/","title":{"rendered":"Politique de confidentialit\u00e9"},"content":{"rendered":"\t\t<div data-elementor-type=\"wp-page\" data-elementor-id=\"19990\" class=\"elementor elementor-19990 elementor-19964\">\n\t\t\t\t\t\t<section class=\"elementor-section elementor-top-section elementor-element elementor-element-1ae88b55 elementor-section-boxed elementor-section-height-default elementor-section-height-default\" data-id=\"1ae88b55\" data-element_type=\"section\" data-e-type=\"section\">\n\t\t\t\t\t\t<div class=\"elementor-container elementor-column-gap-default\">\n\t\t\t\t\t<div class=\"elementor-column elementor-col-100 elementor-top-column elementor-element elementor-element-1fba6fea\" data-id=\"1fba6fea\" data-element_type=\"column\" data-e-type=\"column\">\n\t\t\t<div class=\"elementor-widget-wrap elementor-element-populated\">\n\t\t\t\t\t\t<div class=\"elementor-element elementor-element-136da0b3 elementor-widget elementor-widget-text-editor\" data-id=\"136da0b3\" data-element_type=\"widget\" data-e-type=\"widget\" data-widget_type=\"text-editor.default\">\n\t\t\t\t<div class=\"elementor-widget-container\">\n\t\t\t\t\t\t\t\t\t<p>Cette politique de confidentialit\u00e9 expliquera comment nous utilisons les donn\u00e9es personnelles que nous collectons aupr\u00e8s de vous lorsque vous utilisez notre site Web.<\/p>\n<p>Les sujets:<\/p>\n<p>\u2022 Quelles donn\u00e9es collectons-nous ?<\/p>\n<p>\u2022 Comment collectons-nous vos donn\u00e9es ?<\/p>\n<p>\u2022 Comment allons-nous utiliser vos donn\u00e9es ?<\/p>\n<p>\u2022 Comment stockons-nous vos donn\u00e9es ?<\/p>\n<p>\u2022 Quels sont vos droits en mati\u00e8re de protection des donn\u00e9es ?<\/p>\n<p>\u2022 Que sont les cookies ?<\/p>\n<p>\u2022 Comment utilisons-nous les cookies ?<\/p>\n<p>\u2022 Quels types de cookies utilisons-nous ?<\/p>\n<p>\u2022 Comment g\u00e9rer vos cookies<\/p>\n<p>\u2022 Politiques de confidentialit\u00e9 d&#8217;autres sites Web<\/p>\n<p>\u2022 Modifications de notre politique de confidentialit\u00e9<\/p>\n<p>\u2022 Comment nous contacter<\/p>\n<p>\u2022 Comment contacter les autorit\u00e9s comp\u00e9tentes<\/p>\n<p>Quelles donn\u00e9es collectons-nous ?<\/p>\n<p>Notre Site Internet collecte les donn\u00e9es suivantes :<\/p>\n<p>\u2022 Informations d&#8217;identification personnelle (nom, adresse e-mail, num\u00e9ro de t\u00e9l\u00e9phone, etc.)<\/p>\n<p>\u2022 Si vous utilisez les formulaires d&#8217;\u00e9valuation, nous collecterons les informations sur la propri\u00e9t\u00e9.<\/p>\n<p>Comment collectons-nous vos donn\u00e9es ?<\/p>\n<p>Vous nous fournissez directement la plupart des donn\u00e9es que nous collectons. Nous collectons et traitons des donn\u00e9es lorsque vous&nbsp;:<\/p>\n<p>\u2022 Inscrivez-vous en ligne ou passez une commande pour l&#8217;un de nos produits ou services.<\/p>\n<p>\u2022 R\u00e9pondez volontairement \u00e0 une enqu\u00eate aupr\u00e8s des clients ou fournissez vos commentaires sur l&#8217;un de nos forums de discussion ou par courrier \u00e9lectronique.<\/p>\n<p>\u2022 Utilisez ou consultez notre site Web via les cookies de votre navigateur.<\/p>\n<p>\u2022 Si vous utilisez notre formulaire de contact, nous enregistrerons votre adresse IP.<\/p>\n<p>Comment allons-nous utiliser vos donn\u00e9es ?<\/p>\n<p>Nous collectons vos donn\u00e9es afin de pouvoir :<\/p>\n<p>\u2022 Traitez votre dossier et g\u00e9rez votre compte.<\/p>\n<p>\u2022 Vous envoyer par e-mail des offres sp\u00e9ciales sur des services connexes qui, selon nous, pourraient vous int\u00e9resser.<\/p>\n<p>\u2022 Contactez-vous au num\u00e9ro de t\u00e9l\u00e9phone que vous avez fourni.<\/p>\n<p>Si vous \u00eates d&#8217;accord, nous partagerons vos donn\u00e9es avec nos soci\u00e9t\u00e9s partenaires afin qu&#8217;elles puissent vous proposer leurs produits et services.<\/p>\n<p>\u2022 \u00c9tudes notariales<\/p>\n<p>\u2022 Entreprises d&#8217;inspection de maisons<\/p>\n<p>\u2022 Autres soci\u00e9t\u00e9s li\u00e9es<\/p>\n<p>Lorsque nous traitons votre demande, nous pouvons envoyer vos donn\u00e9es \u00e0 des agences de r\u00e9f\u00e9rence de cr\u00e9dit et \u00e9galement utiliser les informations qui en r\u00e9sultent pour pr\u00e9venir les activit\u00e9s frauduleuses.<\/p>\n<p>Comment stockons-nous vos donn\u00e9es ?<\/p>\n<p>Nous stockons vos donn\u00e9es en toute s\u00e9curit\u00e9 sur des serveurs lou\u00e9s aupr\u00e8s de fournisseurs d&#8217;h\u00e9bergement connus qui garantissent la s\u00e9curit\u00e9 des donn\u00e9es. Nous utilisons \u00e9galement des logiciels de s\u00e9curit\u00e9 et de sauvegarde.<\/p>\n<p>Nous conserverons vos donn\u00e9es aussi longtemps que vous conserverez votre compte chez nous. Une fois que vous aurez supprim\u00e9 votre compte, nous supprimerons vos donn\u00e9es.<\/p>\n<p>Quels sont vos droits en mati\u00e8re de protection des donn\u00e9es ?<\/p>\n<p>Nous souhaitons nous assurer que vous connaissez pleinement tous vos droits en mati\u00e8re de protection des donn\u00e9es. Chaque utilisateur a droit aux \u00e9l\u00e9ments suivants&nbsp;:<\/p>\n<p>Le droit d\u2019acc\u00e8s \u2013 Vous avez le droit de demander des copies de vos donn\u00e9es personnelles. Nous pouvons vous facturer une somme modique pour ce service.<\/p>\n<p>Le droit de rectification \u2013 Vous avez le droit de demander que nous corrigions toute information que vous jugez inexacte. Vous avez \u00e9galement le droit de demander \u00e0 compl\u00e9ter les informations que vous jugez incompl\u00e8tes.<\/p>\n<p>Le droit \u00e0 l\u2019effacement \u2013 \u200b\u200bVous avez le droit de demander l\u2019effacement de vos donn\u00e9es personnelles, sous certaines conditions.<\/p>\n<p>Le droit de limiter le traitement \u2013 \u200b\u200bVous avez le droit de demander la limitation du traitement de vos donn\u00e9es personnelles, sous certaines conditions.<\/p>\n<p>Le droit de vous opposer au traitement \u2013 \u200b\u200bVous avez le droit de vous opposer au traitement de vos donn\u00e9es personnelles, sous certaines conditions.<\/p>\n<p>Le droit \u00e0 la portabilit\u00e9 des donn\u00e9es \u2013 Vous avez le droit de demander que nous transf\u00e9rions les donn\u00e9es que nous avons collect\u00e9es \u00e0 une autre organisation, ou directement \u00e0 vous, sous certaines conditions.<\/p>\n<p>Si vous faites une demande, nous avons un mois pour vous r\u00e9pondre. Si vous souhaitez exercer l&#8217;un de ces droits, veuillez nous contacter \u00e0 notre courriel : info@mikki.ca<\/p>\n<p>Appelez-nous au : 514-685-5757<\/p>\n<p>Ou \u00e9crivez-nous : 432-3484 Des Sources, DDO QC H9B1Z9<\/p>\n<p>Cookies<\/p>\n<p>Les cookies sont des fichiers texte plac\u00e9s sur votre ordinateur pour collecter des informations de connexion Internet standard et des informations sur le comportement des visiteurs. Lorsque vous visitez nos sites Web, nous pouvons collecter automatiquement des informations vous concernant via des cookies ou une technologie similaire.<\/p>\n<p>Pour plus d\u2019informations, visitez allaboutcookies.org.<\/p>\n<p>Comment utilisons-nous les cookies ?<\/p>\n<p>Nous utilisons des cookies de diff\u00e9rentes mani\u00e8res pour am\u00e9liorer votre exp\u00e9rience sur notre site Web, notamment&nbsp;:<\/p>\n<p>\u2022 Vous garder connect\u00e9.<\/p>\n<p>\u2022 Comprendre comment vous utilisez notre site Web.<\/p>\n<p>\u2022 \u00c0 des fins statistiques.<\/p>\n<p>Quels types de cookies utilisons-nous ?<\/p>\n<p>Il existe diff\u00e9rents types de cookies, cependant notre site Web utilise&nbsp;:<\/p>\n<p>\u2022 Fonctionnalit\u00e9 \u2013 Nous utilisons ces cookies afin de vous reconna\u00eetre sur notre site Web et de m\u00e9moriser vos pr\u00e9f\u00e9rences pr\u00e9c\u00e9demment s\u00e9lectionn\u00e9es. Ceux-ci peuvent inclure la langue que vous pr\u00e9f\u00e9rez et l\u2019endroit o\u00f9 vous vous trouvez. Un m\u00e9lange de cookies propri\u00e9taires et tiers est utilis\u00e9.<\/p>\n<p>\u2022 S\u00e9curit\u00e9 \u2013 Nous utilisons ces cookies pour collecter des informations sur votre visite sur notre site Web, le contenu que vous avez consult\u00e9, les liens que vous avez suivis et des informations sur votre navigateur, votre appareil et votre adresse IP. Notre soci\u00e9t\u00e9 partage parfois certains aspects limit\u00e9s de ces donn\u00e9es avec des tiers \u00e0 des fins d&#8217;\u00e9valuation de la s\u00e9curit\u00e9.<\/p>\n<p>Comment g\u00e9rer les cookies<\/p>\n<p>Vous pouvez configurer votre navigateur pour qu&#8217;il n&#8217;accepte pas les cookies, et le site Web ci-dessus vous indique comment supprimer les cookies de votre navigateur. Cependant, dans certains cas, certaines fonctionnalit\u00e9s de notre site Web peuvent ne pas fonctionner.<\/p>\n<p>Politiques de confidentialit\u00e9 d&#8217;autres sites Web<\/p>\n<p>Notre site Web contient des liens vers d\u2019autres sites Web. Notre politique de confidentialit\u00e9 s&#8217;applique uniquement \u00e0 notre site Web, donc si vous cliquez sur un lien vers un autre site Web, vous devez lire sa politique de confidentialit\u00e9.<\/p>\n<p>Modifications de notre politique de confidentialit\u00e9<\/p>\n<p>Nous r\u00e9visons r\u00e9guli\u00e8rement la politique de confidentialit\u00e9 et publions toutes les mises \u00e0 jour sur cette page Web. Cette politique de confidentialit\u00e9 a \u00e9t\u00e9 mise \u00e0 jour pour la derni\u00e8re fois le 30 juin 2023.<\/p>\n<p>Comment nous contacter<\/p>\n<p>Si vous avez des questions sur notre politique de confidentialit\u00e9, les donn\u00e9es que nous d\u00e9tenons sur vous, ou si vous souhaitez exercer l&#8217;un de vos droits en mati\u00e8re de protection des donn\u00e9es, n&#8217;h\u00e9sitez pas \u00e0 nous contacter.<\/p>\n<p>Envoyez-nous un courriel \u00e0 : info@mikki.ca<\/p>\n<p>Appelez-nous : 514-685-5757<\/p>\n<p>Ou \u00e9crivez-nous au : 432-3484 Des Sources, DDO QC H9B1Z9<\/p>\n<p>Comment contacter l&#8217;autorit\u00e9 comp\u00e9tente<\/p>\n<p>Si vous souhaitez signaler une plainte ou si vous estimez que notre soci\u00e9t\u00e9 n&#8217;a pas r\u00e9pondu \u00e0 votre pr\u00e9occupation de mani\u00e8re satisfaisante, vous pouvez contacter le Bureau du commissaire \u00e0 l&#8217;information.<\/p>\n\t\t\t\t\t\t\t\t<\/div>\n\t\t\t\t<\/div>\n\t\t\t\t\t<\/div>\n\t\t<\/div>\n\t\t\t\t\t<\/div>\n\t\t<\/section>\n\t\t\t\t<\/div>\n\t\t","protected":false},"excerpt":{"rendered":"<p>Cette politique de confidentialit\u00e9 expliquera comment nous utilisons les donn\u00e9es personnelles que nous collectons aupr\u00e8s de vous lorsque vous utilisez notre site Web. Les sujets: \u2022 Quelles donn\u00e9es collectons-nous ? \u2022 Comment collectons-nous vos donn\u00e9es ? \u2022 Comment allons-nous utiliser vos donn\u00e9es ? \u2022 Comment stockons-nous vos donn\u00e9es ? \u2022 Quels sont vos droits en [&hellip;]<\/p>\n","protected":false},"author":1,"featured_media":0,"parent":0,"menu_order":0,"comment_status":"closed","ping_status":"closed","template":"template\/template-onepage.php","meta":{"footnotes":""},"class_list":["post-19990","page","type-page","status-publish","hentry"],"_links":{"self":[{"href":"https:\/\/roxborohomes.ca\/fr\/wp-json\/wp\/v2\/pages\/19990","targetHints":{"allow":["GET"]}}],"collection":[{"href":"https:\/\/roxborohomes.ca\/fr\/wp-json\/wp\/v2\/pages"}],"about":[{"href":"https:\/\/roxborohomes.ca\/fr\/wp-json\/wp\/v2\/types\/page"}],"author":[{"embeddable":true,"href":"https:\/\/roxborohomes.ca\/fr\/wp-json\/wp\/v2\/users\/1"}],"replies":[{"embeddable":true,"href":"https:\/\/roxborohomes.ca\/fr\/wp-json\/wp\/v2\/comments?post=19990"}],"version-history":[{"count":2,"href":"https:\/\/roxborohomes.ca\/fr\/wp-json\/wp\/v2\/pages\/19990\/revisions"}],"predecessor-version":[{"id":19999,"href":"https:\/\/roxborohomes.ca\/fr\/wp-json\/wp\/v2\/pages\/19990\/revisions\/19999"}],"wp:attachment":[{"href":"https:\/\/roxborohomes.ca\/fr\/wp-json\/wp\/v2\/media?parent=19990"}],"curies":[{"name":"wp","href":"https:\/\/api.w.org\/{rel}","templated":true}]}}