{"id":19899,"date":"2023-08-15T08:58:59","date_gmt":"2023-08-15T12:58:59","guid":{"rendered":"https:\/\/roxborohomes.ca\/proprietes\/"},"modified":"2026-03-01T03:56:51","modified_gmt":"2026-03-01T08:56:51","slug":"proprietes","status":"publish","type":"page","link":"https:\/\/roxborohomes.ca\/fr\/proprietes\/","title":{"rendered":"Propri\u00e9t\u00e9s"},"content":{"rendered":"\t\t<div data-elementor-type=\"wp-page\" data-elementor-id=\"19899\" class=\"elementor elementor-19899 elementor-19820\">\n\t\t\t\t\t\t<section class=\"elementor-section elementor-top-section elementor-element elementor-element-837376c elementor-section-boxed elementor-section-height-default elementor-section-height-default\" data-id=\"837376c\" data-element_type=\"section\" data-e-type=\"section\">\n\t\t\t\t\t\t<div class=\"elementor-container elementor-column-gap-default\">\n\t\t\t\t\t<div class=\"elementor-column elementor-col-50 elementor-top-column elementor-element elementor-element-d105943\" data-id=\"d105943\" data-element_type=\"column\" data-e-type=\"column\">\n\t\t\t<div class=\"elementor-widget-wrap elementor-element-populated\">\n\t\t\t\t\t\t<div class=\"elementor-element elementor-element-c791e92 elementor-widget elementor-widget-image\" data-id=\"c791e92\" data-element_type=\"widget\" data-e-type=\"widget\" data-widget_type=\"image.default\">\n\t\t\t\t<div class=\"elementor-widget-container\">\n\t\t\t\t\t\t\t\t\t\t\t\t\t\t\t<img fetchpriority=\"high\" decoding=\"async\" width=\"640\" height=\"480\" src=\"https:\/\/roxborohomes.ca\/wp\/wp-content\/uploads\/2025\/07\/13607157.jpeg\" class=\"attachment-large size-large wp-image-20551\" alt=\"\" srcset=\"https:\/\/roxborohomes.ca\/wp\/wp-content\/uploads\/2025\/07\/13607157.jpeg 640w, https:\/\/roxborohomes.ca\/wp\/wp-content\/uploads\/2025\/07\/13607157-584x438.jpeg 584w\" sizes=\"(max-width: 640px) 100vw, 640px\" \/>\t\t\t\t\t\t\t\t\t\t\t\t\t\t\t<\/div>\n\t\t\t\t<\/div>\n\t\t\t\t\t<\/div>\n\t\t<\/div>\n\t\t\t\t<div class=\"elementor-column elementor-col-50 elementor-top-column elementor-element elementor-element-25c7006\" data-id=\"25c7006\" data-element_type=\"column\" data-e-type=\"column\">\n\t\t\t<div class=\"elementor-widget-wrap elementor-element-populated\">\n\t\t\t\t\t\t<div class=\"elementor-element elementor-element-51a0f76 elementor-widget elementor-widget-heading\" data-id=\"51a0f76\" data-element_type=\"widget\" data-e-type=\"widget\" data-widget_type=\"heading.default\">\n\t\t\t\t<div class=\"elementor-widget-container\">\n\t\t\t\t\t<h2 class=\"elementor-heading-title elementor-size-default\">VENDUE<\/h2>\t\t\t\t<\/div>\n\t\t\t\t<\/div>\n\t\t\t\t<div class=\"elementor-element elementor-element-cf4fc37 elementor-widget elementor-widget-heading\" data-id=\"cf4fc37\" data-element_type=\"widget\" data-e-type=\"widget\" data-widget_type=\"heading.default\">\n\t\t\t\t<div class=\"elementor-widget-container\">\n\t\t\t\t\t<h3 class=\"elementor-heading-title elementor-size-default\">26, 2e Avenue Nord, Roxboro<\/h3>\t\t\t\t<\/div>\n\t\t\t\t<\/div>\n\t\t\t\t<div class=\"elementor-element elementor-element-1526b71 elementor-widget elementor-widget-text-editor\" data-id=\"1526b71\" data-element_type=\"widget\" data-e-type=\"widget\" data-widget_type=\"text-editor.default\">\n\t\t\t\t<div class=\"elementor-widget-container\">\n\t\t\t\t\t\t\t\t\t<p>Un plain-pied solide et bien entretenu, dans un emplacement pratique. Planchers de bois, immense chambre principale, salle de bain &#8220;de r\u00eave&#8221; (compl\u00e8tement refaite au gout du jour), vaste sous-sol enti\u00e8rement r\u00e9nov\u00e9 avec salle familiale et bureau (pouvant devenir une troisi\u00e8me chambre). Id\u00e9alement situ\u00e9e \u00e0 quelques pas de Gouin, du REM (train de banlieue), du IGA, des \u00e9coles et des garderies. Prix incroyable pour cette maison chaleureuse et pr\u00eate \u00e0 emm\u00e9nager. Bienvenue!<\/p>\n\t\t\t\t\t\t\t\t<\/div>\n\t\t\t\t<\/div>\n\t\t\t\t\t<\/div>\n\t\t<\/div>\n\t\t\t\t\t<\/div>\n\t\t<\/section>\n\t\t\t\t<section class=\"elementor-section elementor-top-section elementor-element elementor-element-5c0942e elementor-section-boxed elementor-section-height-default elementor-section-height-default\" data-id=\"5c0942e\" data-element_type=\"section\" data-e-type=\"section\">\n\t\t\t\t\t\t<div class=\"elementor-container elementor-column-gap-default\">\n\t\t\t\t\t<div class=\"elementor-column elementor-col-50 elementor-top-column elementor-element elementor-element-c30a8c0\" data-id=\"c30a8c0\" data-element_type=\"column\" data-e-type=\"column\">\n\t\t\t<div class=\"elementor-widget-wrap elementor-element-populated\">\n\t\t\t\t\t\t<div class=\"elementor-element elementor-element-27367d7 elementor-widget elementor-widget-image\" data-id=\"27367d7\" data-element_type=\"widget\" data-e-type=\"widget\" data-widget_type=\"image.default\">\n\t\t\t\t<div class=\"elementor-widget-container\">\n\t\t\t\t\t\t\t\t\t\t\t\t\t\t\t<img decoding=\"async\" width=\"1024\" height=\"767\" src=\"https:\/\/roxborohomes.ca\/wp\/wp-content\/uploads\/2025\/04\/23788991.jpeg\" class=\"attachment-large size-large wp-image-20497\" alt=\"\" srcset=\"https:\/\/roxborohomes.ca\/wp\/wp-content\/uploads\/2025\/04\/23788991.jpeg 1024w, https:\/\/roxborohomes.ca\/wp\/wp-content\/uploads\/2025\/04\/23788991-300x225.jpeg 300w, https:\/\/roxborohomes.ca\/wp\/wp-content\/uploads\/2025\/04\/23788991-768x575.jpeg 768w, https:\/\/roxborohomes.ca\/wp\/wp-content\/uploads\/2025\/04\/23788991-592x444.jpeg 592w, https:\/\/roxborohomes.ca\/wp\/wp-content\/uploads\/2025\/04\/23788991-584x438.jpeg 584w, https:\/\/roxborohomes.ca\/wp\/wp-content\/uploads\/2025\/04\/23788991-801x600.jpeg 801w, https:\/\/roxborohomes.ca\/wp\/wp-content\/uploads\/2025\/04\/23788991-120x90.jpeg 120w, https:\/\/roxborohomes.ca\/wp\/wp-content\/uploads\/2025\/04\/23788991-496x372.jpeg 496w\" sizes=\"(max-width: 1024px) 100vw, 1024px\" \/>\t\t\t\t\t\t\t\t\t\t\t\t\t\t\t<\/div>\n\t\t\t\t<\/div>\n\t\t\t\t\t<\/div>\n\t\t<\/div>\n\t\t\t\t<div class=\"elementor-column elementor-col-50 elementor-top-column elementor-element elementor-element-a594588\" data-id=\"a594588\" data-element_type=\"column\" data-e-type=\"column\">\n\t\t\t<div class=\"elementor-widget-wrap elementor-element-populated\">\n\t\t\t\t\t\t<div class=\"elementor-element elementor-element-c68dea8 elementor-widget elementor-widget-heading\" data-id=\"c68dea8\" data-element_type=\"widget\" data-e-type=\"widget\" data-widget_type=\"heading.default\">\n\t\t\t\t<div class=\"elementor-widget-container\">\n\t\t\t\t\t<h2 class=\"elementor-heading-title elementor-size-default\">VENDU<\/h2>\t\t\t\t<\/div>\n\t\t\t\t<\/div>\n\t\t\t\t<div class=\"elementor-element elementor-element-2d5dc69 elementor-widget elementor-widget-heading\" data-id=\"2d5dc69\" data-element_type=\"widget\" data-e-type=\"widget\" data-widget_type=\"heading.default\">\n\t\t\t\t<div class=\"elementor-widget-container\">\n\t\t\t\t\t<h3 class=\"elementor-heading-title elementor-size-default\">18, 4e Avenue Sud, Roxboro<\/h3>\t\t\t\t<\/div>\n\t\t\t\t<\/div>\n\t\t\t\t<div class=\"elementor-element elementor-element-18a617e elementor-widget elementor-widget-text-editor\" data-id=\"18a617e\" data-element_type=\"widget\" data-e-type=\"widget\" data-widget_type=\"text-editor.default\">\n\t\t\t\t<div class=\"elementor-widget-container\">\n\t\t\t\t\t\t\t\t\t<p>Superbe premi\u00e8re maison, id\u00e9alement situ\u00e9e \u00e0 un prix incroyable ! 3 chambres hors sol, cuisine et salle de bain r\u00e9nov\u00e9es, belle v\u00e9randa ensoleill\u00e9e, toiture et panneau \u00e9lectrique r\u00e9cents, sous-sol enti\u00e8rement isol\u00e9 (ur\u00e9thane gicl\u00e9). \u00c0 quelques pas du REM, de l&#8217;\u00e9cole, garderie et de toutes les commodit\u00e9s du boulevard Gouin. Venez d\u00e9couvrir les possibilit\u00e9s ! Bienvenue !<\/p>\n\t\t\t\t\t\t\t\t<\/div>\n\t\t\t\t<\/div>\n\t\t\t\t\t<\/div>\n\t\t<\/div>\n\t\t\t\t\t<\/div>\n\t\t<\/section>\n\t\t\t\t<section class=\"elementor-section elementor-top-section elementor-element elementor-element-8282068 elementor-section-boxed elementor-section-height-default elementor-section-height-default\" data-id=\"8282068\" data-element_type=\"section\" data-e-type=\"section\">\n\t\t\t\t\t\t<div class=\"elementor-container elementor-column-gap-default\">\n\t\t\t\t\t<div class=\"elementor-column elementor-col-50 elementor-top-column elementor-element elementor-element-922a933\" data-id=\"922a933\" data-element_type=\"column\" data-e-type=\"column\">\n\t\t\t<div class=\"elementor-widget-wrap elementor-element-populated\">\n\t\t\t\t\t\t<div class=\"elementor-element elementor-element-3cd9b49 elementor-widget elementor-widget-image\" data-id=\"3cd9b49\" data-element_type=\"widget\" data-e-type=\"widget\" data-widget_type=\"image.default\">\n\t\t\t\t<div class=\"elementor-widget-container\">\n\t\t\t\t\t\t\t\t\t\t\t\t\t\t\t<img decoding=\"async\" width=\"640\" height=\"480\" src=\"https:\/\/roxborohomes.ca\/wp\/wp-content\/uploads\/2025\/03\/15235659.jpeg\" class=\"attachment-large size-large wp-image-20483\" alt=\"\" srcset=\"https:\/\/roxborohomes.ca\/wp\/wp-content\/uploads\/2025\/03\/15235659.jpeg 640w, https:\/\/roxborohomes.ca\/wp\/wp-content\/uploads\/2025\/03\/15235659-300x225.jpeg 300w, https:\/\/roxborohomes.ca\/wp\/wp-content\/uploads\/2025\/03\/15235659-592x444.jpeg 592w, https:\/\/roxborohomes.ca\/wp\/wp-content\/uploads\/2025\/03\/15235659-584x438.jpeg 584w, https:\/\/roxborohomes.ca\/wp\/wp-content\/uploads\/2025\/03\/15235659-120x90.jpeg 120w, https:\/\/roxborohomes.ca\/wp\/wp-content\/uploads\/2025\/03\/15235659-496x372.jpeg 496w\" sizes=\"(max-width: 640px) 100vw, 640px\" \/>\t\t\t\t\t\t\t\t\t\t\t\t\t\t\t<\/div>\n\t\t\t\t<\/div>\n\t\t\t\t\t<\/div>\n\t\t<\/div>\n\t\t\t\t<div class=\"elementor-column elementor-col-50 elementor-top-column elementor-element elementor-element-2c4479d\" data-id=\"2c4479d\" data-element_type=\"column\" data-e-type=\"column\">\n\t\t\t<div class=\"elementor-widget-wrap elementor-element-populated\">\n\t\t\t\t\t\t<div class=\"elementor-element elementor-element-35bec89 elementor-widget elementor-widget-heading\" data-id=\"35bec89\" data-element_type=\"widget\" data-e-type=\"widget\" data-widget_type=\"heading.default\">\n\t\t\t\t<div class=\"elementor-widget-container\">\n\t\t\t\t\t<h2 class=\"elementor-heading-title elementor-size-default\">VENDU<\/h2>\t\t\t\t<\/div>\n\t\t\t\t<\/div>\n\t\t\t\t<div class=\"elementor-element elementor-element-eb4c4fe elementor-widget elementor-widget-heading\" data-id=\"eb4c4fe\" data-element_type=\"widget\" data-e-type=\"widget\" data-widget_type=\"heading.default\">\n\t\t\t\t<div class=\"elementor-widget-container\">\n\t\t\t\t\t<h3 class=\"elementor-heading-title elementor-size-default\">72, 9e Avenue, Roxboro<\/h3>\t\t\t\t<\/div>\n\t\t\t\t<\/div>\n\t\t\t\t<div class=\"elementor-element elementor-element-435a293 elementor-widget elementor-widget-text-editor\" data-id=\"435a293\" data-element_type=\"widget\" data-e-type=\"widget\" data-widget_type=\"text-editor.default\">\n\t\t\t\t<div class=\"elementor-widget-container\">\n\t\t\t\t\t\t\t\t\t<p>Immense bungalow solide id\u00e9alement situ\u00e9!Quartier tr\u00e8s en demande,c\u00f4t\u00e9 ouest de la 9e Ave,pr\u00e8s du REM sans la voie ferr\u00e9e dans votre cour.\u00c0 deux pas du prestigieux quartier de Nouveau Roxboro,son magnifique parc pour enfants,terrain de soccer et jeux d&#8217;eau.Baign\u00e9e de soleil elle offre un potentiel \u00e9norme pour ceux qui souhaitent entreprendre des r\u00e9nos importantes.Laissez libre cours \u00e0 votre imagination:la maison est tr\u00e8s spacieuse:salon\/salle \u00e0 manger\/cuisine \u00e0 aire ouverte (plafond cath\u00e9drale),chambres aux dimensions g\u00e9n\u00e9reuses!Le sous-sol est un autre atout majeur:immense et partiellement am\u00e9nag\u00e9,alors faites-en ce que vous d\u00e9sirez. Entrez!<\/p>\n\t\t\t\t\t\t\t\t<\/div>\n\t\t\t\t<\/div>\n\t\t\t\t\t<\/div>\n\t\t<\/div>\n\t\t\t\t\t<\/div>\n\t\t<\/section>\n\t\t\t\t<section class=\"elementor-section elementor-top-section elementor-element elementor-element-65fa42a elementor-section-boxed elementor-section-height-default elementor-section-height-default\" data-id=\"65fa42a\" data-element_type=\"section\" data-e-type=\"section\">\n\t\t\t\t\t\t<div class=\"elementor-container elementor-column-gap-default\">\n\t\t\t\t\t<div class=\"elementor-column elementor-col-50 elementor-top-column elementor-element elementor-element-1da95b2\" data-id=\"1da95b2\" data-element_type=\"column\" data-e-type=\"column\">\n\t\t\t<div class=\"elementor-widget-wrap elementor-element-populated\">\n\t\t\t\t\t\t<div class=\"elementor-element elementor-element-983e2bc elementor-widget elementor-widget-image\" data-id=\"983e2bc\" data-element_type=\"widget\" data-e-type=\"widget\" data-widget_type=\"image.default\">\n\t\t\t\t<div class=\"elementor-widget-container\">\n\t\t\t\t\t\t\t\t\t\t\t\t\t\t\t<img loading=\"lazy\" decoding=\"async\" width=\"640\" height=\"480\" src=\"https:\/\/roxborohomes.ca\/wp\/wp-content\/uploads\/2025\/03\/16609683.jpeg\" class=\"attachment-large size-large wp-image-20475\" alt=\"\" srcset=\"https:\/\/roxborohomes.ca\/wp\/wp-content\/uploads\/2025\/03\/16609683.jpeg 640w, https:\/\/roxborohomes.ca\/wp\/wp-content\/uploads\/2025\/03\/16609683-300x225.jpeg 300w, https:\/\/roxborohomes.ca\/wp\/wp-content\/uploads\/2025\/03\/16609683-592x444.jpeg 592w, https:\/\/roxborohomes.ca\/wp\/wp-content\/uploads\/2025\/03\/16609683-584x438.jpeg 584w, https:\/\/roxborohomes.ca\/wp\/wp-content\/uploads\/2025\/03\/16609683-120x90.jpeg 120w, https:\/\/roxborohomes.ca\/wp\/wp-content\/uploads\/2025\/03\/16609683-496x372.jpeg 496w\" sizes=\"(max-width: 640px) 100vw, 640px\" \/>\t\t\t\t\t\t\t\t\t\t\t\t\t\t\t<\/div>\n\t\t\t\t<\/div>\n\t\t\t\t\t<\/div>\n\t\t<\/div>\n\t\t\t\t<div class=\"elementor-column elementor-col-50 elementor-top-column elementor-element elementor-element-cd23149\" data-id=\"cd23149\" data-element_type=\"column\" data-e-type=\"column\">\n\t\t\t<div class=\"elementor-widget-wrap elementor-element-populated\">\n\t\t\t\t\t\t<div class=\"elementor-element elementor-element-1e5ae49 elementor-widget elementor-widget-heading\" data-id=\"1e5ae49\" data-element_type=\"widget\" data-e-type=\"widget\" data-widget_type=\"heading.default\">\n\t\t\t\t<div class=\"elementor-widget-container\">\n\t\t\t\t\t<h2 class=\"elementor-heading-title elementor-size-default\">VENDU<\/h2>\t\t\t\t<\/div>\n\t\t\t\t<\/div>\n\t\t\t\t<div class=\"elementor-element elementor-element-26f2fde elementor-widget elementor-widget-heading\" data-id=\"26f2fde\" data-element_type=\"widget\" data-e-type=\"widget\" data-widget_type=\"heading.default\">\n\t\t\t\t<div class=\"elementor-widget-container\">\n\t\t\t\t\t<h3 class=\"elementor-heading-title elementor-size-default\">49, 9e Avenue, Roxboro<\/h3>\t\t\t\t<\/div>\n\t\t\t\t<\/div>\n\t\t\t\t<div class=\"elementor-element elementor-element-e44007b elementor-widget elementor-widget-text-editor\" data-id=\"e44007b\" data-element_type=\"widget\" data-e-type=\"widget\" data-widget_type=\"text-editor.default\">\n\t\t\t\t<div class=\"elementor-widget-container\">\n\t\t\t\t\t\t\t\t\t<p>Entretenue avec amour et soin, cette maison baign\u00e9e de soleil et accueillante vous attend. Son agencement soign\u00e9 offre une belle fluidit\u00e9 entre le salon, la salle \u00e0 manger et la cuisine, un immense sous-sol r\u00e9cemment r\u00e9nov\u00e9, des pi\u00e8ces de belle taille, une grande chambre principale avec salle d&#8217;eau attenante, un abri d&#8217;auto pratique et une borne de recharge pour voiture \u00e9lectrique. De plus ? Emplacement id\u00e9al : dans un quartier calme, tout en \u00e9tant \u00e0 proximit\u00e9 des commodit\u00e9s : REM, \u00e9coles, parcs, commerces, restaurants. Tout est l\u00e0 pour vous ! Entrez !<\/p>\n\t\t\t\t\t\t\t\t<\/div>\n\t\t\t\t<\/div>\n\t\t\t\t\t<\/div>\n\t\t<\/div>\n\t\t\t\t\t<\/div>\n\t\t<\/section>\n\t\t\t\t<section class=\"elementor-section elementor-top-section elementor-element elementor-element-9004455 elementor-section-boxed elementor-section-height-default elementor-section-height-default\" data-id=\"9004455\" data-element_type=\"section\" data-e-type=\"section\">\n\t\t\t\t\t\t<div class=\"elementor-container elementor-column-gap-default\">\n\t\t\t\t\t<div class=\"elementor-column elementor-col-50 elementor-top-column elementor-element elementor-element-f7f630c\" data-id=\"f7f630c\" data-element_type=\"column\" data-e-type=\"column\">\n\t\t\t<div class=\"elementor-widget-wrap elementor-element-populated\">\n\t\t\t\t\t\t<div class=\"elementor-element elementor-element-f2fc652 elementor-widget elementor-widget-image\" data-id=\"f2fc652\" data-element_type=\"widget\" data-e-type=\"widget\" data-widget_type=\"image.default\">\n\t\t\t\t<div class=\"elementor-widget-container\">\n\t\t\t\t\t\t\t\t\t\t\t\t\t\t\t<img loading=\"lazy\" decoding=\"async\" width=\"640\" height=\"480\" src=\"https:\/\/roxborohomes.ca\/wp\/wp-content\/uploads\/2024\/12\/10383095.jpeg\" class=\"attachment-large size-large wp-image-20424\" alt=\"\" srcset=\"https:\/\/roxborohomes.ca\/wp\/wp-content\/uploads\/2024\/12\/10383095.jpeg 640w, https:\/\/roxborohomes.ca\/wp\/wp-content\/uploads\/2024\/12\/10383095-300x225.jpeg 300w, https:\/\/roxborohomes.ca\/wp\/wp-content\/uploads\/2024\/12\/10383095-592x444.jpeg 592w, https:\/\/roxborohomes.ca\/wp\/wp-content\/uploads\/2024\/12\/10383095-584x438.jpeg 584w, https:\/\/roxborohomes.ca\/wp\/wp-content\/uploads\/2024\/12\/10383095-120x90.jpeg 120w, https:\/\/roxborohomes.ca\/wp\/wp-content\/uploads\/2024\/12\/10383095-496x372.jpeg 496w\" sizes=\"(max-width: 640px) 100vw, 640px\" \/>\t\t\t\t\t\t\t\t\t\t\t\t\t\t\t<\/div>\n\t\t\t\t<\/div>\n\t\t\t\t\t<\/div>\n\t\t<\/div>\n\t\t\t\t<div class=\"elementor-column elementor-col-50 elementor-top-column elementor-element elementor-element-256a3e4\" data-id=\"256a3e4\" data-element_type=\"column\" data-e-type=\"column\">\n\t\t\t<div class=\"elementor-widget-wrap elementor-element-populated\">\n\t\t\t\t\t\t<div class=\"elementor-element elementor-element-4441172 elementor-widget elementor-widget-heading\" data-id=\"4441172\" data-element_type=\"widget\" data-e-type=\"widget\" data-widget_type=\"heading.default\">\n\t\t\t\t<div class=\"elementor-widget-container\">\n\t\t\t\t\t<h2 class=\"elementor-heading-title elementor-size-default\">VENDU<\/h2>\t\t\t\t<\/div>\n\t\t\t\t<\/div>\n\t\t\t\t<div class=\"elementor-element elementor-element-d5898d6 elementor-widget elementor-widget-heading\" data-id=\"d5898d6\" data-element_type=\"widget\" data-e-type=\"widget\" data-widget_type=\"heading.default\">\n\t\t\t\t<div class=\"elementor-widget-container\">\n\t\t\t\t\t<h3 class=\"elementor-heading-title elementor-size-default\">4, Avenue Grant, Roxboro<\/h3>\t\t\t\t<\/div>\n\t\t\t\t<\/div>\n\t\t\t\t<div class=\"elementor-element elementor-element-766677c elementor-widget elementor-widget-text-editor\" data-id=\"766677c\" data-element_type=\"widget\" data-e-type=\"widget\" data-widget_type=\"text-editor.default\">\n\t\t\t\t<div class=\"elementor-widget-container\">\n\t\t\t\t\t\t\t\t\t<p>S\u00fbre de plaire aux acheteurs les plus sophistiqu\u00e9s, cette belle maison nich\u00e9e dans l&#8217;une des rues calmes et cach\u00e9es de Roxboro a \u00e9t\u00e9 r\u00e9nov\u00e9e avec seulement les meilleurs mat\u00e9riaux de qualit\u00e9 et beaucoup de go\u00fbt. \u00c0 quelques pas de la future station REM et de l&#8217;\u00e9cole Charles Perrault, elle est pr\u00eate pour une nouvelle famille. Rien \u00e0 faire \u00e0 part apporter vos meubles. Venez tomber amoureux!<\/p>\n\t\t\t\t\t\t\t\t<\/div>\n\t\t\t\t<\/div>\n\t\t\t\t\t<\/div>\n\t\t<\/div>\n\t\t\t\t\t<\/div>\n\t\t<\/section>\n\t\t\t\t<\/div>\n\t\t","protected":false},"excerpt":{"rendered":"<p>VENDUE 26, 2e Avenue Nord, Roxboro Un plain-pied solide et bien entretenu, dans un emplacement pratique. Planchers de bois, immense chambre principale, salle de bain &#8220;de r\u00eave&#8221; (compl\u00e8tement refaite au gout du jour), vaste sous-sol enti\u00e8rement r\u00e9nov\u00e9 avec salle familiale et bureau (pouvant devenir une troisi\u00e8me chambre). Id\u00e9alement situ\u00e9e \u00e0 quelques pas de Gouin, du [&hellip;]<\/p>\n","protected":false},"author":1,"featured_media":0,"parent":0,"menu_order":0,"comment_status":"closed","ping_status":"closed","template":"elementor_header_footer","meta":{"footnotes":""},"class_list":["post-19899","page","type-page","status-publish","hentry"],"_links":{"self":[{"href":"https:\/\/roxborohomes.ca\/fr\/wp-json\/wp\/v2\/pages\/19899","targetHints":{"allow":["GET"]}}],"collection":[{"href":"https:\/\/roxborohomes.ca\/fr\/wp-json\/wp\/v2\/pages"}],"about":[{"href":"https:\/\/roxborohomes.ca\/fr\/wp-json\/wp\/v2\/types\/page"}],"author":[{"embeddable":true,"href":"https:\/\/roxborohomes.ca\/fr\/wp-json\/wp\/v2\/users\/1"}],"replies":[{"embeddable":true,"href":"https:\/\/roxborohomes.ca\/fr\/wp-json\/wp\/v2\/comments?post=19899"}],"version-history":[{"count":121,"href":"https:\/\/roxborohomes.ca\/fr\/wp-json\/wp\/v2\/pages\/19899\/revisions"}],"predecessor-version":[{"id":20642,"href":"https:\/\/roxborohomes.ca\/fr\/wp-json\/wp\/v2\/pages\/19899\/revisions\/20642"}],"wp:attachment":[{"href":"https:\/\/roxborohomes.ca\/fr\/wp-json\/wp\/v2\/media?parent=19899"}],"curies":[{"name":"wp","href":"https:\/\/api.w.org\/{rel}","templated":true}]}}