{"id":17847,"date":"2023-07-06T15:17:10","date_gmt":"2023-07-06T19:17:10","guid":{"rendered":"https:\/\/roxborohomes.ca\/conseils\/"},"modified":"2023-07-09T21:14:41","modified_gmt":"2023-07-10T01:14:41","slug":"conseils","status":"publish","type":"page","link":"https:\/\/roxborohomes.ca\/fr\/conseils\/","title":{"rendered":"Conseils"},"content":{"rendered":"\t\t<div data-elementor-type=\"wp-page\" data-elementor-id=\"17847\" class=\"elementor elementor-17847 elementor-17830\">\n\t\t\t\t\t\t<section class=\"elementor-section elementor-top-section elementor-element elementor-element-36674b3 elementor-section-boxed elementor-section-height-default elementor-section-height-default\" data-id=\"36674b3\" data-element_type=\"section\" data-e-type=\"section\">\n\t\t\t\t\t\t<div class=\"elementor-container elementor-column-gap-default\">\n\t\t\t\t\t<div class=\"elementor-column elementor-col-100 elementor-top-column elementor-element elementor-element-b20fd21\" data-id=\"b20fd21\" data-element_type=\"column\" data-e-type=\"column\">\n\t\t\t<div class=\"elementor-widget-wrap elementor-element-populated\">\n\t\t\t\t\t\t<div class=\"elementor-element elementor-element-07e997f elementor-widget elementor-widget-text-editor\" data-id=\"07e997f\" data-element_type=\"widget\" data-e-type=\"widget\" data-widget_type=\"text-editor.default\">\n\t\t\t\t<div class=\"elementor-widget-container\">\n\t\t\t\t\t\t\t\t\t<p>L\u2019ACHAT D\u2019UNE MAISON EST CHARG\u00c9 D\u2019\u00c9MOTIONS. D\u2019AILLEURS, TOUT AU LONG DE MA CARRI\u00c8RE DANS L\u2019IMMOBILIER, JE L\u2019AI CONSTAT\u00c9 \u00c0 MAINTES REPRISES. VOIL\u00c0 POURQUOI VOUS DEVEZ TENIR COMPTE DES \u00c9MOTIONS DE L\u2019ACHETEUR ET LE METTRE \u00c0 L\u2019AISE CHEZ VOUS.<\/p>\n\t\t\t\t\t\t\t\t<\/div>\n\t\t\t\t<\/div>\n\t\t\t\t\t<\/div>\n\t\t<\/div>\n\t\t\t\t\t<\/div>\n\t\t<\/section>\n\t\t\t\t<section class=\"elementor-section elementor-top-section elementor-element elementor-element-76364f4 elementor-section-boxed elementor-section-height-default elementor-section-height-default\" data-id=\"76364f4\" data-element_type=\"section\" data-e-type=\"section\">\n\t\t\t\t\t\t<div class=\"elementor-container elementor-column-gap-default\">\n\t\t\t\t\t<div class=\"elementor-column elementor-col-50 elementor-top-column elementor-element elementor-element-49c2c1a\" data-id=\"49c2c1a\" data-element_type=\"column\" data-e-type=\"column\">\n\t\t\t<div class=\"elementor-widget-wrap elementor-element-populated\">\n\t\t\t\t\t\t<div class=\"elementor-element elementor-element-f511792 elementor-widget elementor-widget-text-editor\" data-id=\"f511792\" data-element_type=\"widget\" data-e-type=\"widget\" data-widget_type=\"text-editor.default\">\n\t\t\t\t<div class=\"elementor-widget-container\">\n\t\t\t\t\t\t\t\t\t<p><strong>La premi\u00e8re impression<\/strong><br \/>Un gazon bien entretenu, des arbustes soigneusement taill\u00e9s, une entr\u00e9e libre d\u2019obstacles\u2026 sont essentiels pour que l&#8217;acheteur se sente bienvenue. Il en est m\u00eame quant \u00e0 la porte d\u2019entr\u00e9e \u2013 une nouvelle couche de peinture ou un bon nettoyage. \u00c0 l\u2019automne, ratissez les feuilles et, en hiver, d\u00e9blayez la neige des all\u00e9es. Le moins d\u2019obstacles les visiteurs trouveront \u00e0 l\u2019entr\u00e9e, le mieux ce sera.    <\/p>\n<p><strong>D\u00e9gagez l\u2019espace<\/strong><br \/>D\u00e9barrassez-vous des meubles et des accessoires inutiles et que vous n\u2019utilisez plus r\u00e9guli\u00e8rement. Vous serez tr\u00e8s surpris de constater \u00e0 quel point les pi\u00e8ces ont l\u2019air beaucoup plus grandes. <\/p>\n<p><strong>D\u00e9personnalisez la maison<\/strong><br \/>Enlevez les photos, troph\u00e9es, m\u00e9dicaments\u2026 bref, tout ce qui pourrait emp\u00eacher l\u2019acheter de se sentir chez lui ! Mettez plut\u00f4t des chandelles, un bol de fruits, un bouquet de fleurs\u2026 ce sont des astuces qui marchent \u00e0 tout coup. <\/p>\n<p><strong>Laissez entrer la lumi\u00e8re<\/strong><br \/>Avant la venue d\u2019un acheteur, ouvrez les stores et les rideaux le jour et allumez les lumi\u00e8res. Vous serez tr\u00e8s surpris de constater \u00e0 quel point l\u2019apparence de la pi\u00e8ce change quand on allume les lumi\u00e8res! <\/p>\n<p><strong>Les moindres d\u00e9tails sont importants\u2026<\/strong><br \/>Un robinet qui coule tombe sur les nerfs, d\u00e9colore l\u2019\u00e9vier et laisse croire qu\u2019il y a un probl\u00e8me de plomberie. Des ampoules br\u00fbl\u00e9es tremperont le visiteur dans la noirceur. Ne laissez pas ces moindres d\u00e9tails d\u00e9tourner l\u2019attention du visiteur. Si les portes des armoires ou des garde-robes ne ferment pas bien, le visiteur s\u2019en souviendra s\u00fbrement. Ne perdez pas de temps \u00e0 expliquer ce qui ne marche pas. Prenez plut\u00f4t le temps de corriger rapidement ces petites d\u00e9fectuosit\u00e9s. Il suffit d\u2019un moindre effort pour guider la visite vers une offre d\u2019achat.     <\/p>\n\t\t\t\t\t\t\t\t<\/div>\n\t\t\t\t<\/div>\n\t\t\t\t\t<\/div>\n\t\t<\/div>\n\t\t\t\t<div class=\"elementor-column elementor-col-50 elementor-top-column elementor-element elementor-element-fdd502e\" data-id=\"fdd502e\" data-element_type=\"column\" data-e-type=\"column\">\n\t\t\t<div class=\"elementor-widget-wrap elementor-element-populated\">\n\t\t\t\t\t\t<div class=\"elementor-element elementor-element-1c60800 elementor-widget elementor-widget-text-editor\" data-id=\"1c60800\" data-element_type=\"widget\" data-e-type=\"widget\" data-widget_type=\"text-editor.default\">\n\t\t\t\t<div class=\"elementor-widget-container\">\n\t\t\t\t\t\t\t\t\t<p><strong>La s\u00e9curit\u00e9 avant tout\u2026<\/strong><br \/>On a tous tendance \u00e0 s\u2019habituer \u00e0 vivre avec pi\u00e8ges dans la maison : des patins sur les escaliers, des rallonges \u00e9lectriques entrem\u00eal\u00e9es, des tapis qui glissent dangereusement, une lumi\u00e8re suspendue trop bas. Assurez-vous que votre r\u00e9sidence est aussi s\u00e9curitaire que possible avant la visite de l&#8217;acheteur. <\/p>\n<p><strong>Les salles de bains et les chambres \u00e0 coucher<\/strong><br \/>Les salles de bains sont un \u00e9l\u00e9ment cl\u00e9 de la vente d\u2019une maison : elles doivent \u00eatre \u00e9tincelantes. V\u00e9rifiez et r\u00e9parez tout calfeutrage manquant ou us\u00e9 autour de l\u2019\u00e9vier et du bain. Vous voulez impressionner\u2026 alors mettez vos plus belles serviettes, tapis et rideaux de douche. Laissez \u00e0 l&#8217;acheteur l\u2019occasion d\u2019imaginer le confort de vos chambres en enlevant les meubles inutiles, en recouvrant les lits de couvre-lits attrayants et en posant des rideaux et des stores de couleurs bien agenc\u00e9es.     <\/p>\n<p><strong>Des armoires bien rang\u00e9es<\/strong><br \/>Plus vos armoires seront bien rang\u00e9es, plus elles auront l\u2019air spacieuses. C\u2019est l\u2019occasion id\u00e9ale de faire le m\u00e9nage des armoires et de faire un don de ce dont vous n\u2019avez plus besoin. <\/p>\n<p><strong>Trop de monde\u2026<\/strong><br \/>\u00c9vitez qu\u2019il y ait trop de personnes chez vous lors d\u2019une visite. Sinon, les acheteurs auront l\u2019impression de d\u00e9ranger votre vie familiale et auront tendance \u00e0 \u00e9courter leur visite ou \u00e0 manquer certains \u00e9l\u00e9ments importants de votre maison.  <\/p>\n<p><strong>Gare au chien\u2026<\/strong><br \/>Les animaux sont les meilleurs amis de l\u2019homme, sauf lorsqu\u2019on veut montrer sa maison, car ils sont g\u00e9n\u00e9ralement dans le chemin. Alors, pour le b\u00e9n\u00e9fice de tous, gardez les amis \u00e0 quatre pattes soit dehors, soit \u00e0 l\u2019\u00e9cart.  <\/p>\n\t\t\t\t\t\t\t\t<\/div>\n\t\t\t\t<\/div>\n\t\t\t\t\t<\/div>\n\t\t<\/div>\n\t\t\t\t\t<\/div>\n\t\t<\/section>\n\t\t\t\t<section class=\"elementor-section elementor-top-section elementor-element elementor-element-ef3fb5f elementor-section-boxed elementor-section-height-default elementor-section-height-default\" data-id=\"ef3fb5f\" data-element_type=\"section\" data-e-type=\"section\">\n\t\t\t\t\t\t<div class=\"elementor-container elementor-column-gap-default\">\n\t\t\t\t\t<div class=\"elementor-column elementor-col-100 elementor-top-column elementor-element elementor-element-1ac355f\" data-id=\"1ac355f\" data-element_type=\"column\" data-e-type=\"column\">\n\t\t\t<div class=\"elementor-widget-wrap elementor-element-populated\">\n\t\t\t\t\t\t<div class=\"elementor-element elementor-element-54560d3 elementor-widget elementor-widget-text-editor\" data-id=\"54560d3\" data-element_type=\"widget\" data-e-type=\"widget\" data-widget_type=\"text-editor.default\">\n\t\t\t\t<div class=\"elementor-widget-container\">\n\t\t\t\t\t\t\t\t\t<h4 style=\"text-align: center;\">Ce ne sont que quelques trucs que vous pouvez utiliser pour commencer. G\u00e9n\u00e9ralement, d\u00e8s que vous aurez pris la d\u00e9cision de vendre votre maison nous la passerons en revue, pi\u00e9ce par pi\u00e9ce, et, ensemble, nous d\u00e9terminerons ce qu\u2019il faut faire pour que votre maison soit pris\u00e9e par les acheteurs.<\/h4>\n\t\t\t\t\t\t\t\t<\/div>\n\t\t\t\t<\/div>\n\t\t\t\t\t<\/div>\n\t\t<\/div>\n\t\t\t\t\t<\/div>\n\t\t<\/section>\n\t\t\t\t<\/div>\n\t\t","protected":false},"excerpt":{"rendered":"<p>L\u2019ACHAT D\u2019UNE MAISON EST CHARG\u00c9 D\u2019\u00c9MOTIONS. D\u2019AILLEURS, TOUT AU LONG DE MA CARRI\u00c8RE DANS L\u2019IMMOBILIER, JE L\u2019AI CONSTAT\u00c9 \u00c0 MAINTES REPRISES. VOIL\u00c0 POURQUOI VOUS DEVEZ TENIR COMPTE DES \u00c9MOTIONS DE L\u2019ACHETEUR ET LE METTRE \u00c0 L\u2019AISE CHEZ VOUS. La premi\u00e8re impressionUn gazon bien entretenu, des arbustes soigneusement taill\u00e9s, une entr\u00e9e libre d\u2019obstacles\u2026 sont essentiels pour [&hellip;]<\/p>\n","protected":false},"author":1,"featured_media":0,"parent":0,"menu_order":0,"comment_status":"closed","ping_status":"closed","template":"template\/template-page.php","meta":{"footnotes":""},"class_list":["post-17847","page","type-page","status-publish","hentry"],"_links":{"self":[{"href":"https:\/\/roxborohomes.ca\/fr\/wp-json\/wp\/v2\/pages\/17847","targetHints":{"allow":["GET"]}}],"collection":[{"href":"https:\/\/roxborohomes.ca\/fr\/wp-json\/wp\/v2\/pages"}],"about":[{"href":"https:\/\/roxborohomes.ca\/fr\/wp-json\/wp\/v2\/types\/page"}],"author":[{"embeddable":true,"href":"https:\/\/roxborohomes.ca\/fr\/wp-json\/wp\/v2\/users\/1"}],"replies":[{"embeddable":true,"href":"https:\/\/roxborohomes.ca\/fr\/wp-json\/wp\/v2\/comments?post=17847"}],"version-history":[{"count":11,"href":"https:\/\/roxborohomes.ca\/fr\/wp-json\/wp\/v2\/pages\/17847\/revisions"}],"predecessor-version":[{"id":18205,"href":"https:\/\/roxborohomes.ca\/fr\/wp-json\/wp\/v2\/pages\/17847\/revisions\/18205"}],"wp:attachment":[{"href":"https:\/\/roxborohomes.ca\/fr\/wp-json\/wp\/v2\/media?parent=17847"}],"curies":[{"name":"wp","href":"https:\/\/api.w.org\/{rel}","templated":true}]}}