{"id":17815,"date":"2023-07-06T14:28:03","date_gmt":"2023-07-06T18:28:03","guid":{"rendered":"https:\/\/roxborohomes.ca\/vendre-une-maison\/"},"modified":"2023-07-07T16:31:00","modified_gmt":"2023-07-07T20:31:00","slug":"vendre-une-maison","status":"publish","type":"page","link":"https:\/\/roxborohomes.ca\/fr\/vendre-une-maison\/","title":{"rendered":"Vendre une maison"},"content":{"rendered":"\t\t<div data-elementor-type=\"wp-page\" data-elementor-id=\"17815\" class=\"elementor elementor-17815 elementor-17809\">\n\t\t\t\t\t\t<section class=\"elementor-section elementor-top-section elementor-element elementor-element-5cbb4ca6 elementor-section-boxed elementor-section-height-default elementor-section-height-default\" data-id=\"5cbb4ca6\" data-element_type=\"section\" data-e-type=\"section\">\n\t\t\t\t\t\t<div class=\"elementor-container elementor-column-gap-default\">\n\t\t\t\t\t<div class=\"elementor-column elementor-col-100 elementor-top-column elementor-element elementor-element-2c6a04ce\" data-id=\"2c6a04ce\" data-element_type=\"column\" data-e-type=\"column\">\n\t\t\t<div class=\"elementor-widget-wrap elementor-element-populated\">\n\t\t\t\t\t\t<section class=\"elementor-section elementor-inner-section elementor-element elementor-element-4359b6ba elementor-section-boxed elementor-section-height-default elementor-section-height-default\" data-id=\"4359b6ba\" data-element_type=\"section\" data-e-type=\"section\">\n\t\t\t\t\t\t<div class=\"elementor-container elementor-column-gap-default\">\n\t\t\t\t\t<div class=\"elementor-column elementor-col-50 elementor-inner-column elementor-element elementor-element-1fd35e45\" data-id=\"1fd35e45\" data-element_type=\"column\" data-e-type=\"column\">\n\t\t\t<div class=\"elementor-widget-wrap elementor-element-populated\">\n\t\t\t\t\t\t<div class=\"elementor-element elementor-element-3595a4d4 elementor-widget elementor-widget-text-editor\" data-id=\"3595a4d4\" data-element_type=\"widget\" data-e-type=\"widget\" data-widget_type=\"text-editor.default\">\n\t\t\t\t<div class=\"elementor-widget-container\">\n\t\t\t\t\t\t\t\t\t<p>Notre vie change continuellement! Le mariage, le divorce, les enfants, le changement ou la perte de son emploi; enfin, rien ne reste stable et avec les ann\u00e9es, nous changeons aussi. La maison qui \u00e9tait parfaite quand nous l\u2019avions achet\u00e9e, maintenant semble trop grande, trop petite, trop loin ou trop vieille. C\u2019est \u00e0 de tels moments que nous pensons vendre notre maison. Cette d\u00e9cision n\u2019est jamais prise \u00e0 la l\u00e9g\u00e8re, mais lorsque c\u2019est le temps d\u2019y faire face, on se lance. Alors, nous commen\u00e7ons \u00e0 agir.     <\/p>\n\t\t\t\t\t\t\t\t<\/div>\n\t\t\t\t<\/div>\n\t\t\t\t\t<\/div>\n\t\t<\/div>\n\t\t\t\t<div class=\"elementor-column elementor-col-50 elementor-inner-column elementor-element elementor-element-9533355\" data-id=\"9533355\" data-element_type=\"column\" data-e-type=\"column\">\n\t\t\t<div class=\"elementor-widget-wrap elementor-element-populated\">\n\t\t\t\t\t\t<div class=\"elementor-element elementor-element-19556dfc elementor-widget elementor-widget-text-editor\" data-id=\"19556dfc\" data-element_type=\"widget\" data-e-type=\"widget\" data-widget_type=\"text-editor.default\">\n\t\t\t\t<div class=\"elementor-widget-container\">\n\t\t\t\t\t\t\t\t\t<p>Il y a des choses qu\u2019on devrait savoir avant de mettre sa maison en vente: comment fixer le prix et quel est le bon moment de vendre (les deux plus importantes questions), est-ce qu\u2019il faut r\u00e9nover et jusqu\u2019\u00e0 quel point, est-ce qu\u2019il faut vendre avant d\u2019acheter ou le contraire? Pour avoir la r\u00e9ponse, vous aurez besoin de tous les renseignements sur le march\u00e9 immobilier dans votre quartier et la personne la plus qualifi\u00e9e pour vous renseigner c\u2019est votre courtier immobilier!   <\/p>\n\t\t\t\t\t\t\t\t<\/div>\n\t\t\t\t<\/div>\n\t\t\t\t\t<\/div>\n\t\t<\/div>\n\t\t\t\t\t<\/div>\n\t\t<\/section>\n\t\t\t\t\t<\/div>\n\t\t<\/div>\n\t\t\t\t\t<\/div>\n\t\t<\/section>\n\t\t\t\t<section class=\"elementor-section elementor-top-section elementor-element elementor-element-50e2c83a elementor-section-boxed elementor-section-height-default elementor-section-height-default\" data-id=\"50e2c83a\" data-element_type=\"section\" data-e-type=\"section\">\n\t\t\t\t\t\t<div class=\"elementor-container elementor-column-gap-default\">\n\t\t\t\t\t<div class=\"elementor-column elementor-col-33 elementor-top-column elementor-element elementor-element-11b77ccb\" data-id=\"11b77ccb\" data-element_type=\"column\" data-e-type=\"column\">\n\t\t\t<div class=\"elementor-widget-wrap elementor-element-populated\">\n\t\t\t\t\t\t<div class=\"elementor-element elementor-element-024aa14 elementor-widget elementor-widget-text-editor\" data-id=\"024aa14\" data-element_type=\"widget\" data-e-type=\"widget\" data-widget_type=\"text-editor.default\">\n\t\t\t\t<div class=\"elementor-widget-container\">\n\t\t\t\t\t\t\t\t\t<p><span style=\"text-decoration: underline;\"><a href=\"https:\/\/roxborohomes.ca\/fr\/conseils\/\"><span style=\"color: #3366ff; text-decoration: underline;\">Conseils pour vendre votre maison<\/span><\/a><\/span><\/p>\n\t\t\t\t\t\t\t\t<\/div>\n\t\t\t\t<\/div>\n\t\t\t\t<div class=\"elementor-element elementor-element-a83509b elementor-widget elementor-widget-text-editor\" data-id=\"a83509b\" data-element_type=\"widget\" data-e-type=\"widget\" data-widget_type=\"text-editor.default\">\n\t\t\t\t<div class=\"elementor-widget-container\">\n\t\t\t\t\t\t\t\t\t<p><span style=\"text-decoration: underline;\"><a href=\"https:\/\/www.oaciq.com\/fr\/guide-vendeur\" target=\"_blank\" rel=\"noopener\"><span style=\"color: #3366ff; text-decoration: underline;\">Guide du vendeur<\/span><\/a><\/span><\/p>\n\t\t\t\t\t\t\t\t<\/div>\n\t\t\t\t<\/div>\n\t\t\t\t\t<\/div>\n\t\t<\/div>\n\t\t\t\t<div class=\"elementor-column elementor-col-66 elementor-top-column elementor-element elementor-element-393a0bbc\" data-id=\"393a0bbc\" data-element_type=\"column\" data-e-type=\"column\">\n\t\t\t<div class=\"elementor-widget-wrap\">\n\t\t\t\t\t\t\t<\/div>\n\t\t<\/div>\n\t\t\t\t\t<\/div>\n\t\t<\/section>\n\t\t\t\t<\/div>\n\t\t","protected":false},"excerpt":{"rendered":"<p>Notre vie change continuellement! Le mariage, le divorce, les enfants, le changement ou la perte de son emploi; enfin, rien ne reste stable et avec les ann\u00e9es, nous changeons aussi. La maison qui \u00e9tait parfaite quand nous l\u2019avions achet\u00e9e, maintenant semble trop grande, trop petite, trop loin ou trop vieille. C\u2019est \u00e0 de tels moments [&hellip;]<\/p>\n","protected":false},"author":1,"featured_media":0,"parent":0,"menu_order":0,"comment_status":"closed","ping_status":"closed","template":"template\/template-page.php","meta":{"footnotes":""},"class_list":["post-17815","page","type-page","status-publish","hentry"],"_links":{"self":[{"href":"https:\/\/roxborohomes.ca\/fr\/wp-json\/wp\/v2\/pages\/17815","targetHints":{"allow":["GET"]}}],"collection":[{"href":"https:\/\/roxborohomes.ca\/fr\/wp-json\/wp\/v2\/pages"}],"about":[{"href":"https:\/\/roxborohomes.ca\/fr\/wp-json\/wp\/v2\/types\/page"}],"author":[{"embeddable":true,"href":"https:\/\/roxborohomes.ca\/fr\/wp-json\/wp\/v2\/users\/1"}],"replies":[{"embeddable":true,"href":"https:\/\/roxborohomes.ca\/fr\/wp-json\/wp\/v2\/comments?post=17815"}],"version-history":[{"count":4,"href":"https:\/\/roxborohomes.ca\/fr\/wp-json\/wp\/v2\/pages\/17815\/revisions"}],"predecessor-version":[{"id":17949,"href":"https:\/\/roxborohomes.ca\/fr\/wp-json\/wp\/v2\/pages\/17815\/revisions\/17949"}],"wp:attachment":[{"href":"https:\/\/roxborohomes.ca\/fr\/wp-json\/wp\/v2\/media?parent=17815"}],"curies":[{"name":"wp","href":"https:\/\/api.w.org\/{rel}","templated":true}]}}