{"id":17801,"date":"2023-07-05T12:22:26","date_gmt":"2023-07-05T16:22:26","guid":{"rendered":"https:\/\/roxborohomes.ca\/acheter-une-maison\/"},"modified":"2023-07-07T16:43:11","modified_gmt":"2023-07-07T20:43:11","slug":"acheter-une-maison","status":"publish","type":"page","link":"https:\/\/roxborohomes.ca\/fr\/acheter-une-maison\/","title":{"rendered":"Acheter une maison"},"content":{"rendered":"\t\t<div data-elementor-type=\"wp-page\" data-elementor-id=\"17801\" class=\"elementor elementor-17801 elementor-17781\">\n\t\t\t\t\t\t<section class=\"elementor-section elementor-top-section elementor-element elementor-element-84ce869 elementor-section-boxed elementor-section-height-default elementor-section-height-default\" data-id=\"84ce869\" data-element_type=\"section\" data-e-type=\"section\">\n\t\t\t\t\t\t<div class=\"elementor-container elementor-column-gap-default\">\n\t\t\t\t\t<div class=\"elementor-column elementor-col-100 elementor-top-column elementor-element elementor-element-9c21998\" data-id=\"9c21998\" data-element_type=\"column\" data-e-type=\"column\">\n\t\t\t<div class=\"elementor-widget-wrap elementor-element-populated\">\n\t\t\t\t\t\t<section class=\"elementor-section elementor-inner-section elementor-element elementor-element-1648835 elementor-section-boxed elementor-section-height-default elementor-section-height-default\" data-id=\"1648835\" data-element_type=\"section\" data-e-type=\"section\">\n\t\t\t\t\t\t<div class=\"elementor-container elementor-column-gap-default\">\n\t\t\t\t\t<div class=\"elementor-column elementor-col-50 elementor-inner-column elementor-element elementor-element-a38d752\" data-id=\"a38d752\" data-element_type=\"column\" data-e-type=\"column\">\n\t\t\t<div class=\"elementor-widget-wrap elementor-element-populated\">\n\t\t\t\t\t\t<div class=\"elementor-element elementor-element-6f092d7 elementor-widget elementor-widget-text-editor\" data-id=\"6f092d7\" data-element_type=\"widget\" data-e-type=\"widget\" data-widget_type=\"text-editor.default\">\n\t\t\t\t<div class=\"elementor-widget-container\">\n\t\t\t\t\t\t\t\t\t<p>L\u2019achat d\u2019une propri\u00e9t\u00e9 marque la r\u00e9alisation du r\u00eave de toute une vie. \u00catre propri\u00e9taire est synonyme de fiert\u00e9 et de s\u00e9curit\u00e9. \u00c7a nous permet de contr\u00f4ler les am\u00e9liorations que nous apportons \u00e0 notre maison ainsi que leur co\u00fbt. Aussi, il y a toujours la possibilit\u00e9 que la valeur de notre propri\u00e9t\u00e9 augmente, transformant ainsi notre acquisition en investissement sur, tout en am\u00e9liorant notre qualit\u00e9 de vie. Lorsqu\u2019on ach\u00e8te une maison, il faut tenir compte de plusieurs crit\u00e8res importants. L\u2019emplacement, le style et le co\u00fbt de notre future propri\u00e9t\u00e9 sont les trois crit\u00e8res fondamentaux. Alors, il y a des d\u00e9cisions importantes \u00e0 prendre. Un achat peut aussi \u00eatre tr\u00e8s \u00e9motionnel ! C\u2019est l\u00e0 qu\u2019il faut avoir quelqu\u2019un \u00e0 nos c\u00f4t\u00e9s pour nous aider ! Quelqu\u2019un qui conna\u00eet bien le march\u00e9 immobilier et les proc\u00e9dures, un conseiller qui travaille avec nous et nous repr\u00e9sente. Je suis l\u00e0 pour vous.         <\/p>\n\t\t\t\t\t\t\t\t<\/div>\n\t\t\t\t<\/div>\n\t\t\t\t\t<\/div>\n\t\t<\/div>\n\t\t\t\t<div class=\"elementor-column elementor-col-50 elementor-inner-column elementor-element elementor-element-e570f73\" data-id=\"e570f73\" data-element_type=\"column\" data-e-type=\"column\">\n\t\t\t<div class=\"elementor-widget-wrap elementor-element-populated\">\n\t\t\t\t\t\t<div class=\"elementor-element elementor-element-b77d108 elementor-widget elementor-widget-text-editor\" data-id=\"b77d108\" data-element_type=\"widget\" data-e-type=\"widget\" data-widget_type=\"text-editor.default\">\n\t\t\t\t<div class=\"elementor-widget-container\">\n\t\t\t\t\t\t\t\t\t<p>Nous commencerons par un rendez-vous ou nous nous assi\u00e9rons ensemble pour trouver r\u00e9ponse \u00e0 toutes les questions. Une fois les d\u00e9cisions prises, nous commencerons notre recherche : \u00e7a peut prendre une semaine comme \u00e7a peut prendre des mois : personne ne le sait. Vous pouvez tomber en amour avec la troisi\u00e8me maison que vous visitez ou il se peut qu\u2019il vous faille en visiter une cinquantaine avant de trouver la \u00ab v\u00f4tre \u00bb. Nous allons prendre le temps qu\u2019il faut pour trouver \u00ab LA MAISON \u00bb. Quand nous la trouverons, je ferai une analyse du march\u00e9 pour m\u2019assurer que le prix demand\u00e9 est juste et je n\u00e9gocierai en votre nom. Apr\u00e8s que nous nous serons entendus sur le prix, je serai l\u00e0 lors de l\u2019inspection de la maison et je m\u2019assurerai que vous comprenez bien les explications de l\u2019inspecteur. L\u2019\u00e9tape suivante: nous travaillerons avec votre institution financi\u00e8re pour vous assurer les meilleures conditions hypoth\u00e9caires. Quand tout est fait, je serai \u00e0 vos c\u00f4t\u00e9s chez le notaire lors de la signature de l\u2019acte de vente. Et j\u2019esp\u00e8re (si vous n\u2019\u00eates pas encore fatigu\u00e9 de moi!) que je serais pr\u00e9sente pour pendre la cr\u00e9maill\u00e8re!        <\/p>\n\t\t\t\t\t\t\t\t<\/div>\n\t\t\t\t<\/div>\n\t\t\t\t\t<\/div>\n\t\t<\/div>\n\t\t\t\t\t<\/div>\n\t\t<\/section>\n\t\t\t\t\t<\/div>\n\t\t<\/div>\n\t\t\t\t\t<\/div>\n\t\t<\/section>\n\t\t\t\t<section class=\"elementor-section elementor-top-section elementor-element elementor-element-eda154c elementor-section-boxed elementor-section-height-default elementor-section-height-default\" data-id=\"eda154c\" data-element_type=\"section\" data-e-type=\"section\">\n\t\t\t\t\t\t<div class=\"elementor-container elementor-column-gap-default\">\n\t\t\t\t\t<div class=\"elementor-column elementor-col-33 elementor-top-column elementor-element elementor-element-a6d1310\" data-id=\"a6d1310\" data-element_type=\"column\" data-e-type=\"column\">\n\t\t\t<div class=\"elementor-widget-wrap elementor-element-populated\">\n\t\t\t\t\t\t<div class=\"elementor-element elementor-element-5839402 elementor-widget elementor-widget-text-editor\" data-id=\"5839402\" data-element_type=\"widget\" data-e-type=\"widget\" data-widget_type=\"text-editor.default\">\n\t\t\t\t<div class=\"elementor-widget-container\">\n\t\t\t\t\t\t\t\t\t<p><span style=\"text-decoration: underline;\"><a href=\"https:\/\/www.oaciq.com\/fr\/guide-acheteur\" target=\"_blank\" rel=\"noopener\">Guide de l&#8217;acheteur<\/a><\/span><\/p>\n\t\t\t\t\t\t\t\t<\/div>\n\t\t\t\t<\/div>\n\t\t\t\t\t<\/div>\n\t\t<\/div>\n\t\t\t\t<div class=\"elementor-column elementor-col-66 elementor-top-column elementor-element elementor-element-a290bb6\" data-id=\"a290bb6\" data-element_type=\"column\" data-e-type=\"column\">\n\t\t\t<div class=\"elementor-widget-wrap\">\n\t\t\t\t\t\t\t<\/div>\n\t\t<\/div>\n\t\t\t\t\t<\/div>\n\t\t<\/section>\n\t\t\t\t<\/div>\n\t\t","protected":false},"excerpt":{"rendered":"<p>L\u2019achat d\u2019une propri\u00e9t\u00e9 marque la r\u00e9alisation du r\u00eave de toute une vie. \u00catre propri\u00e9taire est synonyme de fiert\u00e9 et de s\u00e9curit\u00e9. \u00c7a nous permet de contr\u00f4ler les am\u00e9liorations que nous apportons \u00e0 notre maison ainsi que leur co\u00fbt. Aussi, il y a toujours la possibilit\u00e9 que la valeur de notre propri\u00e9t\u00e9 augmente, transformant ainsi notre [&hellip;]<\/p>\n","protected":false},"author":1,"featured_media":0,"parent":0,"menu_order":0,"comment_status":"closed","ping_status":"closed","template":"template\/template-page.php","meta":{"footnotes":""},"class_list":["post-17801","page","type-page","status-publish","hentry"],"_links":{"self":[{"href":"https:\/\/roxborohomes.ca\/fr\/wp-json\/wp\/v2\/pages\/17801","targetHints":{"allow":["GET"]}}],"collection":[{"href":"https:\/\/roxborohomes.ca\/fr\/wp-json\/wp\/v2\/pages"}],"about":[{"href":"https:\/\/roxborohomes.ca\/fr\/wp-json\/wp\/v2\/types\/page"}],"author":[{"embeddable":true,"href":"https:\/\/roxborohomes.ca\/fr\/wp-json\/wp\/v2\/users\/1"}],"replies":[{"embeddable":true,"href":"https:\/\/roxborohomes.ca\/fr\/wp-json\/wp\/v2\/comments?post=17801"}],"version-history":[{"count":4,"href":"https:\/\/roxborohomes.ca\/fr\/wp-json\/wp\/v2\/pages\/17801\/revisions"}],"predecessor-version":[{"id":17961,"href":"https:\/\/roxborohomes.ca\/fr\/wp-json\/wp\/v2\/pages\/17801\/revisions\/17961"}],"wp:attachment":[{"href":"https:\/\/roxborohomes.ca\/fr\/wp-json\/wp\/v2\/media?parent=17801"}],"curies":[{"name":"wp","href":"https:\/\/api.w.org\/{rel}","templated":true}]}}