{"id":17725,"date":"2020-02-24T22:15:15","date_gmt":"2020-02-25T03:15:15","guid":{"rendered":"https:\/\/roxborohomes.ca\/a-propos-de\/"},"modified":"2025-01-08T16:43:55","modified_gmt":"2025-01-08T21:43:55","slug":"a-propos-de","status":"publish","type":"page","link":"https:\/\/roxborohomes.ca\/fr\/a-propos-de\/","title":{"rendered":"Qui suis-je?"},"content":{"rendered":"\t\t<div data-elementor-type=\"wp-page\" data-elementor-id=\"17725\" class=\"elementor elementor-17725 elementor-16650\">\n\t\t\t\t\t\t<section class=\"elementor-section elementor-top-section elementor-element elementor-element-5b81e21 elementor-section-height-min-height animated-slow elementor-section-boxed elementor-section-height-default elementor-section-items-middle elementor-invisible\" data-id=\"5b81e21\" data-element_type=\"section\" data-e-type=\"section\" data-settings=\"{&quot;background_background&quot;:&quot;classic&quot;,&quot;animation&quot;:&quot;fadeIn&quot;}\">\n\t\t\t\t\t\t\t<div class=\"elementor-background-overlay\"><\/div>\n\t\t\t\t\t\t\t<div class=\"elementor-container elementor-column-gap-default\">\n\t\t\t\t\t<div class=\"elementor-column elementor-col-100 elementor-top-column elementor-element elementor-element-ad367f8\" data-id=\"ad367f8\" data-element_type=\"column\" data-e-type=\"column\">\n\t\t\t<div class=\"elementor-widget-wrap elementor-element-populated\">\n\t\t\t\t\t\t<div class=\"elementor-element elementor-element-0e7939f elementor-widget elementor-widget-heading\" data-id=\"0e7939f\" data-element_type=\"widget\" data-e-type=\"widget\" data-widget_type=\"heading.default\">\n\t\t\t\t<div class=\"elementor-widget-container\">\n\t\t\t\t\t<h1 class=\"elementor-heading-title elementor-size-default\">Qui suis-je?<\/h1>\t\t\t\t<\/div>\n\t\t\t\t<\/div>\n\t\t\t\t\t<\/div>\n\t\t<\/div>\n\t\t\t\t\t<\/div>\n\t\t<\/section>\n\t\t\t\t<section class=\"elementor-section elementor-top-section elementor-element elementor-element-09038dc elementor-section-boxed elementor-section-height-default elementor-section-height-default\" data-id=\"09038dc\" data-element_type=\"section\" data-e-type=\"section\" data-settings=\"{&quot;background_background&quot;:&quot;classic&quot;}\">\n\t\t\t\t\t\t<div class=\"elementor-container elementor-column-gap-default\">\n\t\t\t\t\t<div class=\"elementor-column elementor-col-100 elementor-top-column elementor-element elementor-element-c8278ac\" data-id=\"c8278ac\" data-element_type=\"column\" data-e-type=\"column\">\n\t\t\t<div class=\"elementor-widget-wrap elementor-element-populated\">\n\t\t\t\t\t\t<div class=\"elementor-element elementor-element-3271868 elementor-widget elementor-widget-spacer\" data-id=\"3271868\" data-element_type=\"widget\" data-e-type=\"widget\" data-widget_type=\"spacer.default\">\n\t\t\t\t<div class=\"elementor-widget-container\">\n\t\t\t\t\t\t\t<div class=\"elementor-spacer\">\n\t\t\t<div class=\"elementor-spacer-inner\"><\/div>\n\t\t<\/div>\n\t\t\t\t\t\t<\/div>\n\t\t\t\t<\/div>\n\t\t\t\t<div class=\"elementor-element elementor-element-69fe9b8 elementor-widget elementor-widget-text-editor\" data-id=\"69fe9b8\" data-element_type=\"widget\" data-e-type=\"widget\" data-widget_type=\"text-editor.default\">\n\t\t\t\t<div class=\"elementor-widget-container\">\n\t\t\t\t\t\t\t\t\tJe vis dans ce monde incroyable et fou de l&#8217;immobilier depuis plus de 20 ans. Ayant remport\u00e9 tous les troph\u00e9es et r\u00e9compenses possibles et impossibles de REMAX; ayant \u00e9t\u00e9 le courtier n \u00b0 1 \u00e0 Roxboro de mani\u00e8re continue depuis 2005; ayant voyag\u00e9 \u00e0 travers le monde pendant une ann\u00e9e compl\u00e8te; je suis maintenant de retour et d\u00e9ploie mes ailes en solo!\r\n\r\nQuelques-unes de mes r\u00e9alisations:\r\n<strong>Intronis\u00e9 au \u00ab Temple de Renomm\u00e9 de RE\/MAX International \u00bb en 2008\r\nD\u00e9sign\u00e9e \u00ab Fellow of Real Estate Institute of Canada \u00bb en 2009\r\n\u00abR\u00e9ussite de carri\u00e8re exceptionnelle de RE\/MAX International\u00bb en 2016\r\nNombre moyen de maisons que je vends par an: 27.\r\n<\/strong>\t\t\t\t\t\t\t\t<\/div>\n\t\t\t\t<\/div>\n\t\t\t\t<div class=\"elementor-element elementor-element-3389933 elementor-position-left elementor-widget__width-initial elementor-vertical-align-top elementor-widget elementor-widget-image-box\" data-id=\"3389933\" data-element_type=\"widget\" data-e-type=\"widget\" data-widget_type=\"image-box.default\">\n\t\t\t\t<div class=\"elementor-widget-container\">\n\t\t\t\t\t<div class=\"elementor-image-box-wrapper\"><figure class=\"elementor-image-box-img\"><img decoding=\"async\" width=\"82\" height=\"101\" src=\"https:\/\/roxborohomes.ca\/wp\/wp-content\/uploads\/2023\/06\/reward1.png\" class=\"attachment-full size-full wp-image-17488\" alt=\"\" \/><\/figure><\/div>\t\t\t\t<\/div>\n\t\t\t\t<\/div>\n\t\t\t\t<div class=\"elementor-element elementor-element-5eaec5e elementor-widget__width-initial elementor-widget elementor-widget-image\" data-id=\"5eaec5e\" data-element_type=\"widget\" data-e-type=\"widget\" data-widget_type=\"image.default\">\n\t\t\t\t<div class=\"elementor-widget-container\">\n\t\t\t\t\t\t\t\t\t\t\t\t\t\t\t<img decoding=\"async\" width=\"103\" height=\"51\" src=\"https:\/\/roxborohomes.ca\/wp\/wp-content\/uploads\/2023\/06\/qsc.png\" class=\"attachment-large size-large wp-image-17711\" alt=\"\" srcset=\"\" \/>\t\t\t\t\t\t\t\t\t\t\t\t\t\t\t<\/div>\n\t\t\t\t<\/div>\n\t\t\t\t<div class=\"elementor-element elementor-element-4fe2cec elementor-widget__width-initial elementor-widget elementor-widget-image\" data-id=\"4fe2cec\" data-element_type=\"widget\" data-e-type=\"widget\" data-widget_type=\"image.default\">\n\t\t\t\t<div class=\"elementor-widget-container\">\n\t\t\t\t\t\t\t\t\t\t\t\t\t\t\t<img decoding=\"async\" width=\"132\" height=\"51\" src=\"https:\/\/roxborohomes.ca\/wp\/wp-content\/uploads\/2023\/06\/rebac.png\" class=\"attachment-large size-large wp-image-17712\" alt=\"\" srcset=\"\" \/>\t\t\t\t\t\t\t\t\t\t\t\t\t\t\t<\/div>\n\t\t\t\t<\/div>\n\t\t\t\t\t<\/div>\n\t\t<\/div>\n\t\t\t\t\t<\/div>\n\t\t<\/section>\n\t\t\t\t<\/div>\n\t\t","protected":false},"excerpt":{"rendered":"<p>Qui suis-je? Je vis dans ce monde incroyable et fou de l&#8217;immobilier depuis plus de 20 ans. Ayant remport\u00e9 tous les troph\u00e9es et r\u00e9compenses possibles et impossibles de REMAX; ayant \u00e9t\u00e9 le courtier n \u00b0 1 \u00e0 Roxboro de mani\u00e8re continue depuis 2005; ayant voyag\u00e9 \u00e0 travers le monde pendant une ann\u00e9e compl\u00e8te; je suis [&hellip;]<\/p>\n","protected":false},"author":1,"featured_media":0,"parent":0,"menu_order":0,"comment_status":"closed","ping_status":"closed","template":"template\/template-homepage.php","meta":{"footnotes":""},"class_list":["post-17725","page","type-page","status-publish","hentry"],"_links":{"self":[{"href":"https:\/\/roxborohomes.ca\/fr\/wp-json\/wp\/v2\/pages\/17725","targetHints":{"allow":["GET"]}}],"collection":[{"href":"https:\/\/roxborohomes.ca\/fr\/wp-json\/wp\/v2\/pages"}],"about":[{"href":"https:\/\/roxborohomes.ca\/fr\/wp-json\/wp\/v2\/types\/page"}],"author":[{"embeddable":true,"href":"https:\/\/roxborohomes.ca\/fr\/wp-json\/wp\/v2\/users\/1"}],"replies":[{"embeddable":true,"href":"https:\/\/roxborohomes.ca\/fr\/wp-json\/wp\/v2\/comments?post=17725"}],"version-history":[{"count":11,"href":"https:\/\/roxborohomes.ca\/fr\/wp-json\/wp\/v2\/pages\/17725\/revisions"}],"predecessor-version":[{"id":20441,"href":"https:\/\/roxborohomes.ca\/fr\/wp-json\/wp\/v2\/pages\/17725\/revisions\/20441"}],"wp:attachment":[{"href":"https:\/\/roxborohomes.ca\/fr\/wp-json\/wp\/v2\/media?parent=17725"}],"curies":[{"name":"wp","href":"https:\/\/api.w.org\/{rel}","templated":true}]}}