{"id":17713,"date":"2023-06-30T19:46:34","date_gmt":"2023-06-30T23:46:34","guid":{"rendered":"https:\/\/roxborohomes.ca\/bienvenue-sur\/"},"modified":"2023-07-09T20:12:19","modified_gmt":"2023-07-10T00:12:19","slug":"bienvenue-sur","status":"publish","type":"page","link":"https:\/\/roxborohomes.ca\/fr\/","title":{"rendered":"Bienvenue"},"content":{"rendered":"\t\t<div data-elementor-type=\"wp-page\" data-elementor-id=\"17713\" class=\"elementor elementor-17713 elementor-17477\">\n\t\t\t\t\t\t<section class=\"elementor-section elementor-top-section elementor-element elementor-element-a495a51 elementor-section-height-min-height elementor-section-boxed elementor-section-height-default elementor-section-items-middle\" data-id=\"a495a51\" data-element_type=\"section\" data-e-type=\"section\" data-settings=\"{&quot;background_background&quot;:&quot;classic&quot;}\">\n\t\t\t\t\t\t<div class=\"elementor-container elementor-column-gap-default\">\n\t\t\t\t\t<div class=\"elementor-column elementor-col-50 elementor-top-column elementor-element elementor-element-f40ecfa\" data-id=\"f40ecfa\" data-element_type=\"column\" data-e-type=\"column\">\n\t\t\t<div class=\"elementor-widget-wrap elementor-element-populated\">\n\t\t\t\t\t\t<div class=\"elementor-element elementor-element-8bfdc4c elementor-widget__width-initial elementor-widget elementor-widget-heading\" data-id=\"8bfdc4c\" data-element_type=\"widget\" data-e-type=\"widget\" data-widget_type=\"heading.default\">\n\t\t\t\t<div class=\"elementor-widget-container\">\n\t\t\t\t\t<p class=\"elementor-heading-title elementor-size-xl\"><b>Le courtier qui parle avec son c\u0153ur et n\u00e9gocie avec sa t\u00eate.<\/b><\/p>\t\t\t\t<\/div>\n\t\t\t\t<\/div>\n\t\t\t\t\t<\/div>\n\t\t<\/div>\n\t\t\t\t<div class=\"elementor-column elementor-col-50 elementor-top-column elementor-element elementor-element-099bb49\" data-id=\"099bb49\" data-element_type=\"column\" data-e-type=\"column\">\n\t\t\t<div class=\"elementor-widget-wrap\">\n\t\t\t\t\t\t\t<\/div>\n\t\t<\/div>\n\t\t\t\t\t<\/div>\n\t\t<\/section>\n\t\t\t\t<section class=\"elementor-section elementor-top-section elementor-element elementor-element-9b789e9 elementor-section-boxed elementor-section-height-default elementor-section-height-default\" data-id=\"9b789e9\" data-element_type=\"section\" data-e-type=\"section\">\n\t\t\t\t\t\t<div class=\"elementor-container elementor-column-gap-default\">\n\t\t\t\t\t<div class=\"elementor-column elementor-col-33 elementor-top-column elementor-element elementor-element-5b59d7b\" data-id=\"5b59d7b\" data-element_type=\"column\" data-e-type=\"column\">\n\t\t\t<div class=\"elementor-widget-wrap elementor-element-populated\">\n\t\t\t\t\t\t<div class=\"elementor-element elementor-element-53f780b elementor-widget__width-initial elementor-widget elementor-widget-image\" data-id=\"53f780b\" data-element_type=\"widget\" data-e-type=\"widget\" data-widget_type=\"image.default\">\n\t\t\t\t<div class=\"elementor-widget-container\">\n\t\t\t\t\t\t\t\t\t\t\t\t\t\t\t<img fetchpriority=\"high\" decoding=\"async\" width=\"872\" height=\"1024\" src=\"https:\/\/roxborohomes.ca\/wp\/wp-content\/uploads\/2021\/02\/CIGM-4507-872x1024.jpg\" class=\"attachment-large size-large wp-image-17704\" alt=\"\" srcset=\"https:\/\/roxborohomes.ca\/wp\/wp-content\/uploads\/2021\/02\/CIGM-4507-872x1024.jpg 872w, https:\/\/roxborohomes.ca\/wp\/wp-content\/uploads\/2021\/02\/CIGM-4507-255x300.jpg 255w, https:\/\/roxborohomes.ca\/wp\/wp-content\/uploads\/2021\/02\/CIGM-4507-768x902.jpg 768w, https:\/\/roxborohomes.ca\/wp\/wp-content\/uploads\/2021\/02\/CIGM-4507-1307x1536.jpg 1307w, https:\/\/roxborohomes.ca\/wp\/wp-content\/uploads\/2021\/02\/CIGM-4507-1743x2048.jpg 1743w, https:\/\/roxborohomes.ca\/wp\/wp-content\/uploads\/2021\/02\/CIGM-4507-511x600.jpg 511w, https:\/\/roxborohomes.ca\/wp\/wp-content\/uploads\/2021\/02\/CIGM-4507-496x583.jpg 496w\" sizes=\"(max-width: 872px) 100vw, 872px\" \/>\t\t\t\t\t\t\t\t\t\t\t\t\t\t\t<\/div>\n\t\t\t\t<\/div>\n\t\t\t\t\t<\/div>\n\t\t<\/div>\n\t\t\t\t<div class=\"elementor-column elementor-col-33 elementor-top-column elementor-element elementor-element-29270fe\" data-id=\"29270fe\" data-element_type=\"column\" data-e-type=\"column\">\n\t\t\t<div class=\"elementor-widget-wrap elementor-element-populated\">\n\t\t\t\t\t\t<div class=\"elementor-element elementor-element-143e53b elementor-widget elementor-widget-text-editor\" data-id=\"143e53b\" data-element_type=\"widget\" data-e-type=\"widget\" data-widget_type=\"text-editor.default\">\n\t\t\t\t<div class=\"elementor-widget-container\">\n\t\t\t\t\t\t\t\t\t<p><strong>Hasmik (Mikki) Avetissian<\/strong><\/p>\n\t\t\t\t\t\t\t\t<\/div>\n\t\t\t\t<\/div>\n\t\t\t\t<div class=\"elementor-element elementor-element-6569a48 elementor-widget elementor-widget-text-editor\" data-id=\"6569a48\" data-element_type=\"widget\" data-e-type=\"widget\" data-widget_type=\"text-editor.default\">\n\t\t\t\t<div class=\"elementor-widget-container\">\n\t\t\t\t\t\t\t\t\t<p>Courtier immobilier agr\u00e9\u00e9<\/p>\n\t\t\t\t\t\t\t\t<\/div>\n\t\t\t\t<\/div>\n\t\t\t\t<div class=\"elementor-element elementor-element-8e62b15 elementor-widget elementor-widget-text-editor\" data-id=\"8e62b15\" data-element_type=\"widget\" data-e-type=\"widget\" data-widget_type=\"text-editor.default\">\n\t\t\t\t<div class=\"elementor-widget-container\">\n\t\t\t\t\t\t\t\t\t<p>T\u00e9l. 514-685-5757<\/p>\n<p>courriel: info@mikki.ca<\/p>\n\t\t\t\t\t\t\t\t<\/div>\n\t\t\t\t<\/div>\n\t\t\t\t\t<\/div>\n\t\t<\/div>\n\t\t\t\t<div class=\"elementor-column elementor-col-33 elementor-top-column elementor-element elementor-element-df4356b\" data-id=\"df4356b\" data-element_type=\"column\" data-e-type=\"column\">\n\t\t\t<div class=\"elementor-widget-wrap elementor-element-populated\">\n\t\t\t\t\t\t<div class=\"elementor-element elementor-element-a2bb29d elementor-widget__width-initial elementor-widget elementor-widget-text-editor\" data-id=\"a2bb29d\" data-element_type=\"widget\" data-e-type=\"widget\" data-widget_type=\"text-editor.default\">\n\t\t\t\t<div class=\"elementor-widget-container\">\n\t\t\t\t\t\t\t\t\t<p>Pour la plupart d&#8217;entre nous, l&#8217;achat ou la vente d&#8217;une maison est la transaction financi\u00e8re la plus importante de notre vie. Laissez-moi vous aider \u00e0 la traverser avec le moins de stress possible et atteindre les r\u00e9sultats que vous souhaitez. <\/p>\n\t\t\t\t\t\t\t\t<\/div>\n\t\t\t\t<\/div>\n\t\t\t\t<div class=\"elementor-element elementor-element-4f600fb elementor-widget elementor-widget-text-editor\" data-id=\"4f600fb\" data-element_type=\"widget\" data-e-type=\"widget\" data-widget_type=\"text-editor.default\">\n\t\t\t\t<div class=\"elementor-widget-container\">\n\t\t\t\t\t\t\t\t\t<h5><strong>Bienvenue dans mon monde, l&#8217;immobilier!<\/strong><br \/><strong>Laissez-moi vous guider !<\/strong><\/h5>\n\t\t\t\t\t\t\t\t<\/div>\n\t\t\t\t<\/div>\n\t\t\t\t\t<\/div>\n\t\t<\/div>\n\t\t\t\t\t<\/div>\n\t\t<\/section>\n\t\t\t\t<\/div>\n\t\t","protected":false},"excerpt":{"rendered":"<p>Le courtier qui parle avec son c\u0153ur et n\u00e9gocie avec sa t\u00eate. Hasmik (Mikki) Avetissian Courtier immobilier agr\u00e9\u00e9 T\u00e9l. 514-685-5757 courriel: info@mikki.ca Pour la plupart d&#8217;entre nous, l&#8217;achat ou la vente d&#8217;une maison est la transaction financi\u00e8re la plus importante de notre vie. Laissez-moi vous aider \u00e0 la traverser avec le moins de stress possible [&hellip;]<\/p>\n","protected":false},"author":1,"featured_media":0,"parent":0,"menu_order":0,"comment_status":"closed","ping_status":"closed","template":"template\/template-homepage.php","meta":{"footnotes":""},"class_list":["post-17713","page","type-page","status-publish","hentry"],"_links":{"self":[{"href":"https:\/\/roxborohomes.ca\/fr\/wp-json\/wp\/v2\/pages\/17713","targetHints":{"allow":["GET"]}}],"collection":[{"href":"https:\/\/roxborohomes.ca\/fr\/wp-json\/wp\/v2\/pages"}],"about":[{"href":"https:\/\/roxborohomes.ca\/fr\/wp-json\/wp\/v2\/types\/page"}],"author":[{"embeddable":true,"href":"https:\/\/roxborohomes.ca\/fr\/wp-json\/wp\/v2\/users\/1"}],"replies":[{"embeddable":true,"href":"https:\/\/roxborohomes.ca\/fr\/wp-json\/wp\/v2\/comments?post=17713"}],"version-history":[{"count":28,"href":"https:\/\/roxborohomes.ca\/fr\/wp-json\/wp\/v2\/pages\/17713\/revisions"}],"predecessor-version":[{"id":18139,"href":"https:\/\/roxborohomes.ca\/fr\/wp-json\/wp\/v2\/pages\/17713\/revisions\/18139"}],"wp:attachment":[{"href":"https:\/\/roxborohomes.ca\/fr\/wp-json\/wp\/v2\/media?parent=17713"}],"curies":[{"name":"wp","href":"https:\/\/api.w.org\/{rel}","templated":true}]}}